{"id":58,"date":"2020-11-09T14:37:57","date_gmt":"2020-11-09T14:37:57","guid":{"rendered":"https:\/\/asilvilallonga.org\/?page_id=58"},"modified":"2020-11-12T10:03:32","modified_gmt":"2020-11-12T10:03:32","slug":"servicios-asilvilallonga","status":"publish","type":"page","link":"https:\/\/asilvilallonga.org\/es\/servicios-asilvilallonga\/","title":{"rendered":"Servicios"},"content":{"rendered":"\t\t<div data-elementor-type=\"wp-page\" data-elementor-id=\"58\" class=\"elementor elementor-58\" data-elementor-post-type=\"page\">\n\t\t\t\t\t\t<section class=\"elementor-section elementor-top-section elementor-element elementor-element-acbd4ce elementor-section-full_width elementor-section-height-default elementor-section-height-default\" data-id=\"acbd4ce\" data-element_type=\"section\">\n\t\t\t\t\t\t<div class=\"elementor-container elementor-column-gap-no\">\n\t\t\t\t\t<div class=\"elementor-column elementor-col-100 elementor-top-column elementor-element elementor-element-623c0d3\" data-id=\"623c0d3\" data-element_type=\"column\">\n\t\t\t<div class=\"elementor-widget-wrap elementor-element-populated\">\n\t\t\t\t\t\t<div class=\"elementor-element elementor-element-dd59302 elementor-skin-carousel elementor-arrows-yes elementor-widget elementor-widget-media-carousel\" data-id=\"dd59302\" data-element_type=\"widget\" data-settings=\"{&quot;slides_per_view&quot;:&quot;1&quot;,&quot;skin&quot;:&quot;carousel&quot;,&quot;effect&quot;:&quot;slide&quot;,&quot;show_arrows&quot;:&quot;yes&quot;,&quot;speed&quot;:500,&quot;autoplay&quot;:&quot;yes&quot;,&quot;autoplay_speed&quot;:5000,&quot;loop&quot;:&quot;yes&quot;,&quot;pause_on_hover&quot;:&quot;yes&quot;,&quot;pause_on_interaction&quot;:&quot;yes&quot;,&quot;space_between&quot;:{&quot;unit&quot;:&quot;px&quot;,&quot;size&quot;:10,&quot;sizes&quot;:[]},&quot;space_between_tablet&quot;:{&quot;unit&quot;:&quot;px&quot;,&quot;size&quot;:10,&quot;sizes&quot;:[]},&quot;space_between_mobile&quot;:{&quot;unit&quot;:&quot;px&quot;,&quot;size&quot;:10,&quot;sizes&quot;:[]}}\" data-widget_type=\"media-carousel.default\">\n\t\t\t\t<div class=\"elementor-widget-container\">\n\t\t\t\t\t\t\t\t\t<div class=\"elementor-swiper\">\n\t\t\t\t\t<div class=\"elementor-main-swiper swiper\" role=\"region\" aria-roledescription=\"carousel\" aria-label=\"Diapositivas\">\n\t\t\t\t<div class=\"swiper-wrapper\">\n\t\t\t\t\t\t\t\t\t\t\t<div class=\"swiper-slide\" role=\"group\" aria-roledescription=\"slide\">\n\t\t\t\t\t\t\t\t\t<div class=\"elementor-carousel-image\" role=\"img\" aria-label=\"Slider_33\" style=\"background-image: url(&#039;https:\/\/asilvilallonga.org\/wp-content\/uploads\/2020\/11\/Slider_33.jpg&#039;)\">\n\n\t\t\t\n\t\t\t\t\t<\/div>\n\t\t\t\t\t\t\t\t<\/div>\n\t\t\t\t\t\t\t\t\t\t\t<div class=\"swiper-slide\" role=\"group\" aria-roledescription=\"slide\">\n\t\t\t\t\t\t\t\t\t<div class=\"elementor-carousel-image\" role=\"img\" aria-label=\"Slider_1\" style=\"background-image: url(&#039;https:\/\/asilvilallonga.org\/wp-content\/uploads\/2020\/11\/Slider_1.jpg&#039;)\">\n\n\t\t\t\n\t\t\t\t\t<\/div>\n\t\t\t\t\t\t\t\t<\/div>\n\t\t\t\t\t\t\t\t\t<\/div>\n\t\t\t\t\t\t\t\t\t\t\t\t\t\t\t<div class=\"elementor-swiper-button elementor-swiper-button-prev\" role=\"button\" tabindex=\"0\" aria-label=\"Anterior\">\n\t\t\t\t\t\t\t<i aria-hidden=\"true\" class=\"eicon-chevron-left\"><\/i>\t\t\t\t\t\t<\/div>\n\t\t\t\t\t\t<div class=\"elementor-swiper-button elementor-swiper-button-next\" role=\"button\" tabindex=\"0\" aria-label=\"Siguiente\">\n\t\t\t\t\t\t\t<i aria-hidden=\"true\" class=\"eicon-chevron-right\"><\/i>\t\t\t\t\t\t<\/div>\n\t\t\t\t\t\t\t\t\t\t\t\t\t\t\t\t\t<\/div>\n\t\t\t\t<\/div>\n\t\t\t\t\t\t\t\t<\/div>\n\t\t\t\t<\/div>\n\t\t\t\t\t<\/div>\n\t\t<\/div>\n\t\t\t\t\t<\/div>\n\t\t<\/section>\n\t\t\t\t<section class=\"elementor-section elementor-top-section elementor-element elementor-element-0260a44 elementor-section-boxed elementor-section-height-default elementor-section-height-default\" data-id=\"0260a44\" data-element_type=\"section\">\n\t\t\t\t\t\t<div class=\"elementor-container elementor-column-gap-default\">\n\t\t\t\t\t<div class=\"elementor-column elementor-col-100 elementor-top-column elementor-element elementor-element-08b41fe\" data-id=\"08b41fe\" data-element_type=\"column\" data-settings=\"{&quot;background_background&quot;:&quot;classic&quot;}\">\n\t\t\t<div class=\"elementor-widget-wrap elementor-element-populated\">\n\t\t\t\t\t\t<div class=\"elementor-element elementor-element-d48f8db elementor-widget elementor-widget-heading\" data-id=\"d48f8db\" data-element_type=\"widget\" data-widget_type=\"heading.default\">\n\t\t\t\t<div class=\"elementor-widget-container\">\n\t\t\t\t\t<h2 class=\"elementor-heading-title elementor-size-default\">Profesionales<\/h2>\t\t\t\t<\/div>\n\t\t\t\t<\/div>\n\t\t\t\t<div class=\"elementor-element elementor-element-b22a30d elementor-widget elementor-widget-text-editor\" data-id=\"b22a30d\" data-element_type=\"widget\" data-widget_type=\"text-editor.default\">\n\t\t\t\t<div class=\"elementor-widget-container\">\n\t\t\t\t\t\t\t\t\t<p>El equipo disciplinar de nuestro centro, trabaja para lograr el bienestar de la persona y mejorar la autonom\u00eda de nuestros residentes. Todos titulados.<\/p><ul><li>M\u00e9dico<\/li><li>Enfermeros<\/li><li>Auxiliares<\/li><li>Fisioterapeuta<\/li><li>Cocineros\u00a0<\/li><li>Pod\u00f3logo<\/li><li>Animadora socio-cultural<\/li><\/ul><p>El reducido n\u00famero de residentes nos permite ofrecer a cada residente un trato personalizado.<\/p>\t\t\t\t\t\t\t\t<\/div>\n\t\t\t\t<\/div>\n\t\t\t\t<div class=\"elementor-element elementor-element-528cb06 elementor-widget elementor-widget-gallery\" data-id=\"528cb06\" data-element_type=\"widget\" data-settings=\"{&quot;gap&quot;:{&quot;unit&quot;:&quot;px&quot;,&quot;size&quot;:14,&quot;sizes&quot;:[]},&quot;lazyload&quot;:&quot;yes&quot;,&quot;gallery_layout&quot;:&quot;grid&quot;,&quot;columns&quot;:4,&quot;columns_tablet&quot;:2,&quot;columns_mobile&quot;:1,&quot;gap_tablet&quot;:{&quot;unit&quot;:&quot;px&quot;,&quot;size&quot;:10,&quot;sizes&quot;:[]},&quot;gap_mobile&quot;:{&quot;unit&quot;:&quot;px&quot;,&quot;size&quot;:10,&quot;sizes&quot;:[]},&quot;link_to&quot;:&quot;file&quot;,&quot;aspect_ratio&quot;:&quot;3:2&quot;,&quot;overlay_background&quot;:&quot;yes&quot;,&quot;content_hover_animation&quot;:&quot;fade-in&quot;}\" data-widget_type=\"gallery.default\">\n\t\t\t\t<div class=\"elementor-widget-container\">\n\t\t\t\t\t\t\t<div class=\"elementor-gallery__container\">\n\t\t\t\t\t\t\t<a class=\"e-gallery-item elementor-gallery-item elementor-animated-content\" href=\"https:\/\/asilvilallonga.org\/wp-content\/uploads\/2020\/11\/pati1wg.jpg\" data-elementor-open-lightbox=\"yes\" data-elementor-lightbox-slideshow=\"528cb06\" data-elementor-lightbox-title=\"pati1wg\" data-e-action-hash=\"#elementor-action%3Aaction%3Dlightbox%26settings%3DeyJpZCI6NzIsInVybCI6Imh0dHBzOlwvXC9hc2lsdmlsYWxsb25nYS5vcmdcL3dwLWNvbnRlbnRcL3VwbG9hZHNcLzIwMjBcLzExXC9wYXRpMXdnLmpwZyIsInNsaWRlc2hvdyI6IjUyOGNiMDYifQ%3D%3D\">\n\t\t\t\t\t<div class=\"e-gallery-image elementor-gallery-item__image\" data-thumbnail=\"https:\/\/asilvilallonga.org\/wp-content\/uploads\/2020\/11\/pati1wg-300x225.jpg\" data-width=\"300\" data-height=\"225\" aria-label=\"\" role=\"img\" ><\/div>\n\t\t\t\t\t\t\t\t\t\t\t<div class=\"elementor-gallery-item__overlay\"><\/div>\n\t\t\t\t\t\t\t\t\t\t\t\t\t\t<\/a>\n\t\t\t\t\t\t\t<a class=\"e-gallery-item elementor-gallery-item elementor-animated-content\" href=\"https:\/\/asilvilallonga.org\/wp-content\/uploads\/2020\/11\/menjador2Wg.jpg\" data-elementor-open-lightbox=\"yes\" data-elementor-lightbox-slideshow=\"528cb06\" data-elementor-lightbox-title=\"menjador2Wg\" data-e-action-hash=\"#elementor-action%3Aaction%3Dlightbox%26settings%3DeyJpZCI6NzEsInVybCI6Imh0dHBzOlwvXC9hc2lsdmlsYWxsb25nYS5vcmdcL3dwLWNvbnRlbnRcL3VwbG9hZHNcLzIwMjBcLzExXC9tZW5qYWRvcjJXZy5qcGciLCJzbGlkZXNob3ciOiI1MjhjYjA2In0%3D\">\n\t\t\t\t\t<div class=\"e-gallery-image elementor-gallery-item__image\" data-thumbnail=\"https:\/\/asilvilallonga.org\/wp-content\/uploads\/2020\/11\/menjador2Wg-300x225.jpg\" data-width=\"300\" data-height=\"225\" aria-label=\"\" role=\"img\" ><\/div>\n\t\t\t\t\t\t\t\t\t\t\t<div class=\"elementor-gallery-item__overlay\"><\/div>\n\t\t\t\t\t\t\t\t\t\t\t\t\t\t<\/a>\n\t\t\t\t\t\t\t<a class=\"e-gallery-item elementor-gallery-item elementor-animated-content\" href=\"https:\/\/asilvilallonga.org\/wp-content\/uploads\/2020\/11\/Instal1Wg.jpg\" data-elementor-open-lightbox=\"yes\" data-elementor-lightbox-slideshow=\"528cb06\" data-elementor-lightbox-title=\"Instal1Wg\" data-e-action-hash=\"#elementor-action%3Aaction%3Dlightbox%26settings%3DeyJpZCI6NjksInVybCI6Imh0dHBzOlwvXC9hc2lsdmlsYWxsb25nYS5vcmdcL3dwLWNvbnRlbnRcL3VwbG9hZHNcLzIwMjBcLzExXC9JbnN0YWwxV2cuanBnIiwic2xpZGVzaG93IjoiNTI4Y2IwNiJ9\">\n\t\t\t\t\t<div class=\"e-gallery-image elementor-gallery-item__image\" data-thumbnail=\"https:\/\/asilvilallonga.org\/wp-content\/uploads\/2020\/11\/Instal1Wg-300x225.jpg\" data-width=\"300\" data-height=\"225\" aria-label=\"\" role=\"img\" ><\/div>\n\t\t\t\t\t\t\t\t\t\t\t<div class=\"elementor-gallery-item__overlay\"><\/div>\n\t\t\t\t\t\t\t\t\t\t\t\t\t\t<\/a>\n\t\t\t\t\t\t\t<a class=\"e-gallery-item elementor-gallery-item elementor-animated-content\" href=\"https:\/\/asilvilallonga.org\/wp-content\/uploads\/2020\/11\/HabitacioWg.jpg\" data-elementor-open-lightbox=\"yes\" data-elementor-lightbox-slideshow=\"528cb06\" data-elementor-lightbox-title=\"HabitacioWg\" data-e-action-hash=\"#elementor-action%3Aaction%3Dlightbox%26settings%3DeyJpZCI6NjgsInVybCI6Imh0dHBzOlwvXC9hc2lsdmlsYWxsb25nYS5vcmdcL3dwLWNvbnRlbnRcL3VwbG9hZHNcLzIwMjBcLzExXC9IYWJpdGFjaW9XZy5qcGciLCJzbGlkZXNob3ciOiI1MjhjYjA2In0%3D\">\n\t\t\t\t\t<div class=\"e-gallery-image elementor-gallery-item__image\" data-thumbnail=\"https:\/\/asilvilallonga.org\/wp-content\/uploads\/2020\/11\/HabitacioWg-225x300.jpg\" data-width=\"225\" data-height=\"300\" aria-label=\"\" role=\"img\" ><\/div>\n\t\t\t\t\t\t\t\t\t\t\t<div class=\"elementor-gallery-item__overlay\"><\/div>\n\t\t\t\t\t\t\t\t\t\t\t\t\t\t<\/a>\n\t\t\t\t\t\t\t<a class=\"e-gallery-item elementor-gallery-item elementor-animated-content\" href=\"https:\/\/asilvilallonga.org\/wp-content\/uploads\/2020\/11\/Instal2Wg.jpg\" data-elementor-open-lightbox=\"yes\" data-elementor-lightbox-slideshow=\"528cb06\" data-elementor-lightbox-title=\"Instal2Wg\" data-e-action-hash=\"#elementor-action%3Aaction%3Dlightbox%26settings%3DeyJpZCI6NzAsInVybCI6Imh0dHBzOlwvXC9hc2lsdmlsYWxsb25nYS5vcmdcL3dwLWNvbnRlbnRcL3VwbG9hZHNcLzIwMjBcLzExXC9JbnN0YWwyV2cuanBnIiwic2xpZGVzaG93IjoiNTI4Y2IwNiJ9\">\n\t\t\t\t\t<div class=\"e-gallery-image elementor-gallery-item__image\" data-thumbnail=\"https:\/\/asilvilallonga.org\/wp-content\/uploads\/2020\/11\/Instal2Wg-300x225.jpg\" data-width=\"300\" data-height=\"225\" aria-label=\"\" role=\"img\" ><\/div>\n\t\t\t\t\t\t\t\t\t\t\t<div class=\"elementor-gallery-item__overlay\"><\/div>\n\t\t\t\t\t\t\t\t\t\t\t\t\t\t<\/a>\n\t\t\t\t\t\t\t<a class=\"e-gallery-item elementor-gallery-item elementor-animated-content\" href=\"https:\/\/asilvilallonga.org\/wp-content\/uploads\/2020\/11\/DSC00425.jpg\" data-elementor-open-lightbox=\"yes\" data-elementor-lightbox-slideshow=\"528cb06\" data-elementor-lightbox-title=\"DSC00425\" data-e-action-hash=\"#elementor-action%3Aaction%3Dlightbox%26settings%3DeyJpZCI6NjYsInVybCI6Imh0dHBzOlwvXC9hc2lsdmlsYWxsb25nYS5vcmdcL3dwLWNvbnRlbnRcL3VwbG9hZHNcLzIwMjBcLzExXC9EU0MwMDQyNS5qcGciLCJzbGlkZXNob3ciOiI1MjhjYjA2In0%3D\">\n\t\t\t\t\t<div class=\"e-gallery-image elementor-gallery-item__image\" data-thumbnail=\"https:\/\/asilvilallonga.org\/wp-content\/uploads\/2020\/11\/DSC00425-300x225.jpg\" data-width=\"300\" data-height=\"225\" aria-label=\"\" role=\"img\" ><\/div>\n\t\t\t\t\t\t\t\t\t\t\t<div class=\"elementor-gallery-item__overlay\"><\/div>\n\t\t\t\t\t\t\t\t\t\t\t\t\t\t<\/a>\n\t\t\t\t\t\t\t<a class=\"e-gallery-item elementor-gallery-item elementor-animated-content\" href=\"https:\/\/asilvilallonga.org\/wp-content\/uploads\/2020\/11\/DSC00429.jpg\" data-elementor-open-lightbox=\"yes\" data-elementor-lightbox-slideshow=\"528cb06\" data-elementor-lightbox-title=\"DSC00429\" data-e-action-hash=\"#elementor-action%3Aaction%3Dlightbox%26settings%3DeyJpZCI6NjcsInVybCI6Imh0dHBzOlwvXC9hc2lsdmlsYWxsb25nYS5vcmdcL3dwLWNvbnRlbnRcL3VwbG9hZHNcLzIwMjBcLzExXC9EU0MwMDQyOS5qcGciLCJzbGlkZXNob3ciOiI1MjhjYjA2In0%3D\">\n\t\t\t\t\t<div class=\"e-gallery-image elementor-gallery-item__image\" data-thumbnail=\"https:\/\/asilvilallonga.org\/wp-content\/uploads\/2020\/11\/DSC00429-300x247.jpg\" data-width=\"300\" data-height=\"247\" aria-label=\"\" role=\"img\" ><\/div>\n\t\t\t\t\t\t\t\t\t\t\t<div class=\"elementor-gallery-item__overlay\"><\/div>\n\t\t\t\t\t\t\t\t\t\t\t\t\t\t<\/a>\n\t\t\t\t\t\t\t<a class=\"e-gallery-item elementor-gallery-item elementor-animated-content\" href=\"https:\/\/asilvilallonga.org\/wp-content\/uploads\/2020\/11\/AsilVilallongaCapella.jpg\" data-elementor-open-lightbox=\"yes\" data-elementor-lightbox-slideshow=\"528cb06\" data-elementor-lightbox-title=\"AsilVilallongaCapella\" data-e-action-hash=\"#elementor-action%3Aaction%3Dlightbox%26settings%3DeyJpZCI6NjUsInVybCI6Imh0dHBzOlwvXC9hc2lsdmlsYWxsb25nYS5vcmdcL3dwLWNvbnRlbnRcL3VwbG9hZHNcLzIwMjBcLzExXC9Bc2lsVmlsYWxsb25nYUNhcGVsbGEuanBnIiwic2xpZGVzaG93IjoiNTI4Y2IwNiJ9\">\n\t\t\t\t\t<div class=\"e-gallery-image elementor-gallery-item__image\" data-thumbnail=\"https:\/\/asilvilallonga.org\/wp-content\/uploads\/2020\/11\/AsilVilallongaCapella-225x300.jpg\" data-width=\"225\" data-height=\"300\" aria-label=\"\" role=\"img\" ><\/div>\n\t\t\t\t\t\t\t\t\t\t\t<div class=\"elementor-gallery-item__overlay\"><\/div>\n\t\t\t\t\t\t\t\t\t\t\t\t\t\t<\/a>\n\t\t\t\t\t<\/div>\n\t\t\t\t\t<\/div>\n\t\t\t\t<\/div>\n\t\t\t\t\t<\/div>\n\t\t<\/div>\n\t\t\t\t\t<\/div>\n\t\t<\/section>\n\t\t\t\t<\/div>\n\t\t","protected":false},"excerpt":{"rendered":"<p>Previous Next Profesionales El equipo disciplinar de nuestro centro, trabaja para lograr el bienestar de la persona y mejorar la autonom\u00eda de nuestros residentes. Todos titulados. M\u00e9dico Enfermeros Auxiliares Fisioterapeuta Cocineros&nbsp; Pod\u00f3logo Animadora socio-cultural El reducido n\u00famero de residentes nos permite ofrecer a cada residente un trato personalizado.<\/p>\n","protected":false},"author":1,"featured_media":0,"parent":0,"menu_order":0,"comment_status":"closed","ping_status":"closed","template":"","meta":{"_monsterinsights_skip_tracking":false,"_monsterinsights_sitenote_active":false,"_monsterinsights_sitenote_note":"","_monsterinsights_sitenote_category":0,"footnotes":""},"class_list":["post-58","page","type-page","status-publish"],"_links":{"self":[{"href":"https:\/\/asilvilallonga.org\/es\/wp-json\/wp\/v2\/pages\/58","targetHints":{"allow":["GET"]}}],"collection":[{"href":"https:\/\/asilvilallonga.org\/es\/wp-json\/wp\/v2\/pages"}],"about":[{"href":"https:\/\/asilvilallonga.org\/es\/wp-json\/wp\/v2\/types\/page"}],"author":[{"embeddable":true,"href":"https:\/\/asilvilallonga.org\/es\/wp-json\/wp\/v2\/users\/1"}],"replies":[{"embeddable":true,"href":"https:\/\/asilvilallonga.org\/es\/wp-json\/wp\/v2\/comments?post=58"}],"version-history":[{"count":14,"href":"https:\/\/asilvilallonga.org\/es\/wp-json\/wp\/v2\/pages\/58\/revisions"}],"predecessor-version":[{"id":365,"href":"https:\/\/asilvilallonga.org\/es\/wp-json\/wp\/v2\/pages\/58\/revisions\/365"}],"wp:attachment":[{"href":"https:\/\/asilvilallonga.org\/es\/wp-json\/wp\/v2\/media?parent=58"}],"curies":[{"name":"wp","href":"https:\/\/api.w.org\/{rel}","templated":true}]}}