{"id":290,"date":"2020-11-10T14:26:53","date_gmt":"2020-11-10T14:26:53","guid":{"rendered":"https:\/\/asilvilallonga.org\/?page_id=290"},"modified":"2023-06-02T06:45:52","modified_gmt":"2023-06-02T06:45:52","slug":"politica-de-privacidad","status":"publish","type":"page","link":"https:\/\/asilvilallonga.org\/es\/politica-de-privacidad\/","title":{"rendered":"Pol\u00edtica de privacidad"},"content":{"rendered":"\t\t<div data-elementor-type=\"wp-page\" data-elementor-id=\"290\" class=\"elementor elementor-290\" data-elementor-post-type=\"page\">\n\t\t\t\t\t\t<section class=\"elementor-section elementor-top-section elementor-element elementor-element-8927a2a elementor-section-boxed elementor-section-height-default elementor-section-height-default\" data-id=\"8927a2a\" data-element_type=\"section\">\n\t\t\t\t\t\t<div class=\"elementor-container elementor-column-gap-default\">\n\t\t\t\t\t<div class=\"elementor-column elementor-col-100 elementor-top-column elementor-element elementor-element-5444dbb\" data-id=\"5444dbb\" data-element_type=\"column\">\n\t\t\t<div class=\"elementor-widget-wrap elementor-element-populated\">\n\t\t\t\t\t\t<div class=\"elementor-element elementor-element-a5a152f elementor-widget elementor-widget-heading\" data-id=\"a5a152f\" data-element_type=\"widget\" data-widget_type=\"heading.default\">\n\t\t\t\t<div class=\"elementor-widget-container\">\n\t\t\t\t\t<h2 class=\"elementor-heading-title elementor-size-default\">POL\u00cdTICA DE PRIVACIDAD\n<\/h2>\t\t\t\t<\/div>\n\t\t\t\t<\/div>\n\t\t\t\t<div class=\"elementor-element elementor-element-458c736 elementor-widget elementor-widget-text-editor\" data-id=\"458c736\" data-element_type=\"widget\" data-widget_type=\"text-editor.default\">\n\t\t\t\t<div class=\"elementor-widget-container\">\n\t\t\t\t\t\t\t\t\t<p><strong>RESPONSABLE<br \/><\/strong>1. Identidad<br \/>Empresa:\u00a0<strong>ASIL VILALLONGA FUNDACIO PRIVADA<\/strong>&#8211; CIF: ES G17038217Dir. Postal: Avda. Vilallonga 1\u00a0 &#8212; Figueres (Girona) E-Mail: <a href=\"mailto:asilvilallonga.direccio@gmail.com\">asilvilallonga.direccio@gmail.com<\/a>.<\/p><p>Datos de contacto del delegado en protecci\u00f3n de datos:<\/p><p><strong>FINALIDADES<br \/><\/strong>2. Descripci\u00f3n ampliada de la finalidad\/es del tratamiento:<br \/>Trataremos sus datos (por ejemplo: para la Gesti\u00f3n administrativa, prestaci\u00f3n de asistencia sanitaria y de acuerdo con las obligaciones que impongan la normativa u obligaciones legales)<\/p><p><strong>CONSERVACI\u00d3N<br \/><\/strong>3. Plazos o criterios de conservaci\u00f3n de los datos:<\/p><p>Los datos personales proporcionados se conservar\u00e1n mientras se mantenga la relaci\u00f3n con la entidad y no se solicite su supresi\u00f3n por el interesado, ser\u00e1n conservados conforme a los plazos legales establecidos en materia fiscal y contable, tomando como referencia la \u00faltima comunicaci\u00f3n.<\/p><p><strong>DECISIONES<br \/><\/strong>4. Decisiones automatizadas, perfiles y l\u00f3gica aplicada:<br \/>La empresa NO tomar\u00e1 decisiones automatizadas, perfiles \u00f3 l\u00f3gica aplicada a sus datos.<\/p><p><strong>LEGITIMACI\u00d3N<br \/><\/strong>5. Legitimaci\u00f3n por ejecuci\u00f3n de un contrato:<br \/>Debido a que el tratamiento es necesario para la ejecuci\u00f3n de un contrato mercantil, en el que usted es parte , se hace constar que el tipo de contrato de que se trata, es el citado contrato mercantil o la relaci\u00f3n precontractual.<br \/>Como la comunicaci\u00f3n de datos personales es un requisito legal o contractual y un requisito necesario para suscribir el citado contrato, se informa al interesado que est\u00e1 obligado a facilitar los datos personales, y as\u00ed mismo que\u00a0 las consecuencias de no hacerlo pueden suponer la no prestaci\u00f3n del servicio solicitado.<\/p><p><strong>DESTINATARIOS<br \/><\/strong>6. Durante el periodo de duraci\u00f3n del tratamiento,\u00a0<strong>ASIL VILALLONGA FUNDACIO PRIVADA<\/strong>&#8211; no realizar\u00e1 ninguna cesi\u00f3n, salvo obligaci\u00f3n legal, ni tampoco transferencia alguna.<\/p><p><strong>DERECHOS<\/strong><\/p><ol start=\"7\"><li>7. El interesado puede ejercer los siguientes derechos:<\/li><\/ol><ul><li>\u00a0 \u00a0Derecho a solicitar el acceso a sus datos personales. En especial a su historia cl\u00ednica de acuerdo con la normativa vigente.<\/li><li>\u00a0 \u00a0Derecho a solicitar su rectificaci\u00f3n o supresi\u00f3n.<\/li><li>\u00a0 \u00a0Derecho a solicitar la limitaci\u00f3n de su tratamiento.<\/li><li>\u00a0 \u00a0Derecho a oponerse al tratamiento.<\/li><li>\u00a0 \u00a0Derecho a la portabilidad de los datos.<\/li><li>\u00a0 \u00a0Derecho a retirar el consentimiento prestado.<\/li><\/ul><p>Cualquier persona tiene derecho a obtener confirmaci\u00f3n sobre si en la Entidad estamos tratando datos personales que les conciernan, o no. Las personas interesadas tienen derecho a acceder a sus datos personales, as\u00ed como a solicitar la rectificaci\u00f3n de los datos inexactos o, en su caso, solicitar su supresi\u00f3n cuando, entre otros motivos, los datos ya no sean necesarios para los fines que fueron recogidos.<br \/>En determinadas circunstancias, los interesados podr\u00e1n solicitar la limitaci\u00f3n del tratamiento de sus datos, en cuyo caso \u00fanicamente los conservaremos para el ejercicio o la defensa de reclamaciones. En determinadas circunstancias y por motivos relacionados con su situaci\u00f3n particular, los interesados podr\u00e1n oponerse al tratamiento de sus datos. En este caso, la entidad,\u00a0 dejar\u00e1 de tratar los datos, salvo por motivos leg\u00edtimos imperiosos, o el ejercicio o la defensa de posibles reclamaciones.<br \/>Si ha otorgado su consentimiento para alguna finalidad concreta, tiene derecho a retirar el consentimiento otorgado en cualquier momento, sin que ello afecte a la licitud del tratamiento basado en el consentimiento previo a su retirada.<br \/>Para ello podr\u00e1 emplear los formularios habilitados por la empresa, o bien dirigir un escrito a\u00a0<strong>ASIL VILALLONGA FUNDACIO PRIVADA<\/strong>&#8211;\u00a0 Avda. Vilallonga 1\u00a0 &#8212; Figueres (Girona) tambi\u00e9n puede enviar un email a: <a href=\"mailto:asilvilallonga.direccio@gmail.com\">asilvilallonga.direccio@gmail.com<\/a>.\u00a0\u00a0\u00a0<\/p><p>En caso de que sienta vulnerados sus derechos en lo concerniente a la protecci\u00f3n de sus datos personales, especialmente cuando no haya obtenido satisfacci\u00f3n en el ejercicio de sus derechos, puede presentar una reclamaci\u00f3n ante la Autoridad de Control en materia de Protecci\u00f3n de Datos competente a trav\u00e9s de su sitio web:\u00a0<a href=\"http:\/\/www.agpd.es\/\">www.agpd.es<\/a>.<\/p><p>En cumplimiento de lo prevenido en el art\u00edculo 21 de la Ley 34\/2002 de servicios de la sociedad de la informaci\u00f3n y comercio electr\u00f3nico, si usted no desea recibir m\u00e1s informaci\u00f3n sobre nuestros servicios, puede darse de baja en la siguiente direcci\u00f3n de correo electr\u00f3nico de la entidad, indicando en el asunto \u00abNo enviar correos\u00bb.<\/p><p><strong>PROCEDENCIA DE LOS DATOS<br \/><\/strong>Los datos personales que tratamos en\u00a0<strong>ASIL VILALLONGA FUNDACIO PRIVADA<\/strong>\u00a0proceden directamente de usted:<\/p><p>Las categor\u00edas de datos que se tratan son:<\/p><ul><li>\u00a0Datos de identificaci\u00f3n<\/li><li>\u00a0C\u00f3digos o claves de identificaci\u00f3n<\/li><li>\u00a0Direcciones postales o electr\u00f3nicas<\/li><li>\u00a0Informaci\u00f3n comercial<\/li><li>\u00a0Datos econ\u00f3micos<\/li><li>Datos relativos a la salud integrados en la historia cl\u00ednica del residente\/usuario.<\/li><\/ul>\t\t\t\t\t\t\t\t<\/div>\n\t\t\t\t<\/div>\n\t\t\t\t\t<\/div>\n\t\t<\/div>\n\t\t\t\t\t<\/div>\n\t\t<\/section>\n\t\t\t\t<\/div>\n\t\t","protected":false},"excerpt":{"rendered":"<p>POL\u00cdTICA DE PRIVACIDAD RESPONSABLE1. IdentidadEmpresa:\u00a0ASIL VILALLONGA FUNDACIO PRIVADA&#8211; CIF: ES G17038217Dir. Postal: Avda. Vilallonga 1\u00a0 &#8212; Figueres (Girona) E-Mail: asilvilallonga.direccio@gmail.com. Datos de contacto del delegado en protecci\u00f3n de datos: FINALIDADES2. Descripci\u00f3n ampliada de la finalidad\/es del tratamiento:Trataremos sus datos (por ejemplo: para la Gesti\u00f3n administrativa, prestaci\u00f3n de asistencia sanitaria y de acuerdo con las obligaciones &#8230; <a title=\"Pol\u00edtica de privacidad\" class=\"read-more\" href=\"https:\/\/asilvilallonga.org\/es\/politica-de-privacidad\/\" aria-label=\"Leer m\u00e1s sobre Pol\u00edtica de privacidad\">Leer m\u00e1s<\/a><\/p>\n","protected":false},"author":1,"featured_media":0,"parent":0,"menu_order":0,"comment_status":"closed","ping_status":"closed","template":"","meta":{"_monsterinsights_skip_tracking":false,"_monsterinsights_sitenote_active":false,"_monsterinsights_sitenote_note":"","_monsterinsights_sitenote_category":0,"footnotes":""},"class_list":["post-290","page","type-page","status-publish"],"_links":{"self":[{"href":"https:\/\/asilvilallonga.org\/es\/wp-json\/wp\/v2\/pages\/290","targetHints":{"allow":["GET"]}}],"collection":[{"href":"https:\/\/asilvilallonga.org\/es\/wp-json\/wp\/v2\/pages"}],"about":[{"href":"https:\/\/asilvilallonga.org\/es\/wp-json\/wp\/v2\/types\/page"}],"author":[{"embeddable":true,"href":"https:\/\/asilvilallonga.org\/es\/wp-json\/wp\/v2\/users\/1"}],"replies":[{"embeddable":true,"href":"https:\/\/asilvilallonga.org\/es\/wp-json\/wp\/v2\/comments?post=290"}],"version-history":[{"count":10,"href":"https:\/\/asilvilallonga.org\/es\/wp-json\/wp\/v2\/pages\/290\/revisions"}],"predecessor-version":[{"id":978,"href":"https:\/\/asilvilallonga.org\/es\/wp-json\/wp\/v2\/pages\/290\/revisions\/978"}],"wp:attachment":[{"href":"https:\/\/asilvilallonga.org\/es\/wp-json\/wp\/v2\/media?parent=290"}],"curies":[{"name":"wp","href":"https:\/\/api.w.org\/{rel}","templated":true}]}}