{"id":121,"date":"2020-11-10T08:25:38","date_gmt":"2020-11-10T08:25:38","guid":{"rendered":"https:\/\/asilvilallonga.org\/?page_id=121"},"modified":"2025-05-23T10:36:33","modified_gmt":"2025-05-23T10:36:33","slug":"estados-financieros-y-memoria-economica","status":"publish","type":"page","link":"https:\/\/asilvilallonga.org\/es\/transparencia\/estados-financieros-y-memoria-economica\/","title":{"rendered":"Estados financieros y memoria econ\u00f3mica"},"content":{"rendered":"\t\t<div data-elementor-type=\"wp-page\" data-elementor-id=\"121\" class=\"elementor elementor-121\" data-elementor-post-type=\"page\">\n\t\t\t\t\t\t<section class=\"elementor-section elementor-top-section elementor-element elementor-element-7ef8ce9 elementor-section-boxed elementor-section-height-default elementor-section-height-default\" data-id=\"7ef8ce9\" data-element_type=\"section\">\n\t\t\t\t\t\t<div class=\"elementor-container elementor-column-gap-default\">\n\t\t\t\t\t<div class=\"elementor-column elementor-col-100 elementor-top-column elementor-element elementor-element-8af80bc\" data-id=\"8af80bc\" data-element_type=\"column\" data-settings=\"{&quot;background_background&quot;:&quot;classic&quot;}\">\n\t\t\t<div class=\"elementor-widget-wrap elementor-element-populated\">\n\t\t\t\t\t\t<div class=\"elementor-element elementor-element-7f9c5e7 elementor-grid-2 elementor-posts--thumbnail-none elementor-grid-tablet-2 elementor-grid-mobile-1 elementor-card-shadow-yes elementor-posts__hover-gradient elementor-widget elementor-widget-posts\" data-id=\"7f9c5e7\" data-element_type=\"widget\" data-settings=\"{&quot;cards_columns&quot;:&quot;2&quot;,&quot;cards_row_gap&quot;:{&quot;unit&quot;:&quot;px&quot;,&quot;size&quot;:50,&quot;sizes&quot;:[]},&quot;cards_columns_tablet&quot;:&quot;2&quot;,&quot;cards_columns_mobile&quot;:&quot;1&quot;,&quot;cards_row_gap_tablet&quot;:{&quot;unit&quot;:&quot;px&quot;,&quot;size&quot;:&quot;&quot;,&quot;sizes&quot;:[]},&quot;cards_row_gap_mobile&quot;:{&quot;unit&quot;:&quot;px&quot;,&quot;size&quot;:&quot;&quot;,&quot;sizes&quot;:[]}}\" data-widget_type=\"posts.cards\">\n\t\t\t\t<div class=\"elementor-widget-container\">\n\t\t\t\t\t\t\t<div class=\"elementor-posts-container elementor-posts elementor-posts--skin-cards elementor-grid\" role=\"list\">\n\t\t\t\t<article class=\"elementor-post elementor-grid-item post-791 page type-page status-publish\" role=\"listitem\">\n\t\t\t<div class=\"elementor-post__card\">\n\t\t\t\t<div class=\"elementor-post__text\">\n\t\t\t\t<h3 class=\"elementor-post__title\">\n\t\t\t<a href=\"https:\/\/asilvilallonga.org\/es\/transparencia\/estados-financieros-y-memoria-economica\/estado-financiero-2021\/\" >\n\t\t\t\tEstado financiero 2021\t\t\t<\/a>\n\t\t<\/h3>\n\t\t\t\t<div class=\"elementor-post__excerpt\">\n\t\t\t\t\t<\/div>\n\t\t\n\t\t<a class=\"elementor-post__read-more\" href=\"https:\/\/asilvilallonga.org\/es\/transparencia\/estados-financieros-y-memoria-economica\/estado-financiero-2021\/\" aria-label=\"M\u00e1s informaci\u00f3n sobre Estado financiero 2021\" tabindex=\"-1\" >\n\t\t\tLeer M\u00e1s &gt;&gt;\t\t<\/a>\n\n\t\t\t\t<\/div>\n\t\t\t\t\t<\/div>\n\t\t<\/article>\n\t\t\t\t<article class=\"elementor-post elementor-grid-item post-793 page type-page status-publish\" role=\"listitem\">\n\t\t\t<div class=\"elementor-post__card\">\n\t\t\t\t<div class=\"elementor-post__text\">\n\t\t\t\t<h3 class=\"elementor-post__title\">\n\t\t\t<a href=\"https:\/\/asilvilallonga.org\/es\/transparencia\/estados-financieros-y-memoria-economica\/memoria-economica-2021\/\" >\n\t\t\t\tMem\u00f3ria Econ\u00f3mica 2021\t\t\t<\/a>\n\t\t<\/h3>\n\t\t\t\t<div class=\"elementor-post__excerpt\">\n\t\t\t\t\t<\/div>\n\t\t\n\t\t<a class=\"elementor-post__read-more\" href=\"https:\/\/asilvilallonga.org\/es\/transparencia\/estados-financieros-y-memoria-economica\/memoria-economica-2021\/\" aria-label=\"M\u00e1s informaci\u00f3n sobre Mem\u00f3ria Econ\u00f3mica 2021\" tabindex=\"-1\" >\n\t\t\tLeer M\u00e1s &gt;&gt;\t\t<\/a>\n\n\t\t\t\t<\/div>\n\t\t\t\t\t<\/div>\n\t\t<\/article>\n\t\t\t\t<article class=\"elementor-post elementor-grid-item post-991 page type-page status-publish\" role=\"listitem\">\n\t\t\t<div class=\"elementor-post__card\">\n\t\t\t\t<div class=\"elementor-post__text\">\n\t\t\t\t<h3 class=\"elementor-post__title\">\n\t\t\t<a href=\"https:\/\/asilvilallonga.org\/es\/transparencia\/estados-financieros-y-memoria-economica\/memoria-economica-2022\/\" >\n\t\t\t\tMem\u00f3ria Econ\u00f3mica 2022\t\t\t<\/a>\n\t\t<\/h3>\n\t\t\t\t<div class=\"elementor-post__excerpt\">\n\t\t\t\t\t<\/div>\n\t\t\n\t\t<a class=\"elementor-post__read-more\" href=\"https:\/\/asilvilallonga.org\/es\/transparencia\/estados-financieros-y-memoria-economica\/memoria-economica-2022\/\" aria-label=\"M\u00e1s informaci\u00f3n sobre Mem\u00f3ria Econ\u00f3mica 2022\" tabindex=\"-1\" >\n\t\t\tLeer M\u00e1s &gt;&gt;\t\t<\/a>\n\n\t\t\t\t<\/div>\n\t\t\t\t\t<\/div>\n\t\t<\/article>\n\t\t\t\t<article class=\"elementor-post elementor-grid-item post-1035 page type-page status-publish\" role=\"listitem\">\n\t\t\t<div class=\"elementor-post__card\">\n\t\t\t\t<div class=\"elementor-post__text\">\n\t\t\t\t<h3 class=\"elementor-post__title\">\n\t\t\t<a href=\"https:\/\/asilvilallonga.org\/es\/transparencia\/estados-financieros-y-memoria-economica\/estado-financiero-2022\/\" >\n\t\t\t\tEstado financiero 2022\t\t\t<\/a>\n\t\t<\/h3>\n\t\t\t\t<div class=\"elementor-post__excerpt\">\n\t\t\t\t\t<\/div>\n\t\t\n\t\t<a class=\"elementor-post__read-more\" href=\"https:\/\/asilvilallonga.org\/es\/transparencia\/estados-financieros-y-memoria-economica\/estado-financiero-2022\/\" aria-label=\"M\u00e1s informaci\u00f3n sobre Estado financiero 2022\" tabindex=\"-1\" >\n\t\t\tLeer M\u00e1s &gt;&gt;\t\t<\/a>\n\n\t\t\t\t<\/div>\n\t\t\t\t\t<\/div>\n\t\t<\/article>\n\t\t\t\t<article class=\"elementor-post elementor-grid-item post-1076 page type-page status-publish\" role=\"listitem\">\n\t\t\t<div class=\"elementor-post__card\">\n\t\t\t\t<div class=\"elementor-post__text\">\n\t\t\t\t<h3 class=\"elementor-post__title\">\n\t\t\t<a href=\"https:\/\/asilvilallonga.org\/es\/transparencia\/estados-financieros-y-memoria-economica\/memoria-economica-2023\/\" >\n\t\t\t\tMem\u00f3ria Econ\u00f3mica 2023\t\t\t<\/a>\n\t\t<\/h3>\n\t\t\t\t<div class=\"elementor-post__excerpt\">\n\t\t\t\t\t<\/div>\n\t\t\n\t\t<a class=\"elementor-post__read-more\" href=\"https:\/\/asilvilallonga.org\/es\/transparencia\/estados-financieros-y-memoria-economica\/memoria-economica-2023\/\" aria-label=\"M\u00e1s informaci\u00f3n sobre Mem\u00f3ria Econ\u00f3mica 2023\" tabindex=\"-1\" >\n\t\t\tLeer M\u00e1s &gt;&gt;\t\t<\/a>\n\n\t\t\t\t<\/div>\n\t\t\t\t\t<\/div>\n\t\t<\/article>\n\t\t\t\t<article class=\"elementor-post elementor-grid-item post-1120 page type-page status-publish\" role=\"listitem\">\n\t\t\t<div class=\"elementor-post__card\">\n\t\t\t\t<div class=\"elementor-post__text\">\n\t\t\t\t<h3 class=\"elementor-post__title\">\n\t\t\t<a href=\"https:\/\/asilvilallonga.org\/es\/transparencia\/estados-financieros-y-memoria-economica\/estado-financiero-2023\/\" >\n\t\t\t\tEstado financiero 2023\t\t\t<\/a>\n\t\t<\/h3>\n\t\t\t\t<div class=\"elementor-post__excerpt\">\n\t\t\t\t\t<\/div>\n\t\t\n\t\t<a class=\"elementor-post__read-more\" href=\"https:\/\/asilvilallonga.org\/es\/transparencia\/estados-financieros-y-memoria-economica\/estado-financiero-2023\/\" aria-label=\"M\u00e1s informaci\u00f3n sobre Estado financiero 2023\" tabindex=\"-1\" >\n\t\t\tLeer M\u00e1s &gt;&gt;\t\t<\/a>\n\n\t\t\t\t<\/div>\n\t\t\t\t\t<\/div>\n\t\t<\/article>\n\t\t\t\t<article class=\"elementor-post elementor-grid-item post-1194 page type-page status-publish\" role=\"listitem\">\n\t\t\t<div class=\"elementor-post__card\">\n\t\t\t\t<div class=\"elementor-post__text\">\n\t\t\t\t<h3 class=\"elementor-post__title\">\n\t\t\t<a href=\"https:\/\/asilvilallonga.org\/es\/transparencia\/estados-financieros-y-memoria-economica\/memoria-economica-2024\/\" >\n\t\t\t\tMem\u00f3ria Econ\u00f3mica 2024\t\t\t<\/a>\n\t\t<\/h3>\n\t\t\t\t<div class=\"elementor-post__excerpt\">\n\t\t\t\t\t<\/div>\n\t\t\n\t\t<a class=\"elementor-post__read-more\" href=\"https:\/\/asilvilallonga.org\/es\/transparencia\/estados-financieros-y-memoria-economica\/memoria-economica-2024\/\" aria-label=\"M\u00e1s informaci\u00f3n sobre Mem\u00f3ria Econ\u00f3mica 2024\" tabindex=\"-1\" >\n\t\t\tLeer M\u00e1s &gt;&gt;\t\t<\/a>\n\n\t\t\t\t<\/div>\n\t\t\t\t\t<\/div>\n\t\t<\/article>\n\t\t\t\t<article class=\"elementor-post elementor-grid-item post-1196 page type-page status-publish\" role=\"listitem\">\n\t\t\t<div class=\"elementor-post__card\">\n\t\t\t\t<div class=\"elementor-post__text\">\n\t\t\t\t<h3 class=\"elementor-post__title\">\n\t\t\t<a href=\"https:\/\/asilvilallonga.org\/es\/transparencia\/estados-financieros-y-memoria-economica\/estado-financiero-2024\/\" >\n\t\t\t\tEstado financiero 2024\t\t\t<\/a>\n\t\t<\/h3>\n\t\t\t\t<div class=\"elementor-post__excerpt\">\n\t\t\t\t\t<\/div>\n\t\t\n\t\t<a class=\"elementor-post__read-more\" href=\"https:\/\/asilvilallonga.org\/es\/transparencia\/estados-financieros-y-memoria-economica\/estado-financiero-2024\/\" aria-label=\"M\u00e1s informaci\u00f3n sobre Estado financiero 2024\" tabindex=\"-1\" >\n\t\t\tLeer M\u00e1s &gt;&gt;\t\t<\/a>\n\n\t\t\t\t<\/div>\n\t\t\t\t\t<\/div>\n\t\t<\/article>\n\t\t\t\t<\/div>\n\t\t\n\t\t\t\t\t\t<\/div>\n\t\t\t\t<\/div>\n\t\t\t\t<section class=\"elementor-section elementor-inner-section elementor-element elementor-element-4fb7e96 elementor-section-boxed elementor-section-height-default elementor-section-height-default\" data-id=\"4fb7e96\" data-element_type=\"section\">\n\t\t\t\t\t\t<div class=\"elementor-container elementor-column-gap-default\">\n\t\t\t\t\t<div class=\"elementor-column elementor-col-50 elementor-inner-column elementor-element elementor-element-054cb0c\" data-id=\"054cb0c\" data-element_type=\"column\">\n\t\t\t<div class=\"elementor-widget-wrap elementor-element-populated\">\n\t\t\t\t\t\t<div class=\"elementor-element elementor-element-a276c1d elementor-align-left elementor-widget elementor-widget-button\" data-id=\"a276c1d\" data-element_type=\"widget\" data-widget_type=\"button.default\">\n\t\t\t\t<div class=\"elementor-widget-container\">\n\t\t\t\t\t\t\t\t\t<div class=\"elementor-button-wrapper\">\n\t\t\t\t\t<a class=\"elementor-button elementor-button-link elementor-size-sm\" href=\"\/es\/transparencia\/direcciones-de-correo-postal-y-electronico\/\">\n\t\t\t\t\t\t<span class=\"elementor-button-content-wrapper\">\n\t\t\t\t\t\t\t\t\t<span class=\"elementor-button-text\">Anterior<\/span>\n\t\t\t\t\t<\/span>\n\t\t\t\t\t<\/a>\n\t\t\t\t<\/div>\n\t\t\t\t\t\t\t\t<\/div>\n\t\t\t\t<\/div>\n\t\t\t\t\t<\/div>\n\t\t<\/div>\n\t\t\t\t<div class=\"elementor-column elementor-col-50 elementor-inner-column elementor-element elementor-element-e1a6e48\" data-id=\"e1a6e48\" data-element_type=\"column\">\n\t\t\t<div class=\"elementor-widget-wrap elementor-element-populated\">\n\t\t\t\t\t\t<div class=\"elementor-element elementor-element-538a802 elementor-align-right elementor-widget elementor-widget-button\" data-id=\"538a802\" data-element_type=\"widget\" data-widget_type=\"button.default\">\n\t\t\t\t<div class=\"elementor-widget-container\">\n\t\t\t\t\t\t\t\t\t<div class=\"elementor-button-wrapper\">\n\t\t\t\t\t<a class=\"elementor-button elementor-button-link elementor-size-sm\" href=\"\/es\/transparencia\/estatutos\/\">\n\t\t\t\t\t\t<span class=\"elementor-button-content-wrapper\">\n\t\t\t\t\t\t\t\t\t<span class=\"elementor-button-text\">Siguiente<\/span>\n\t\t\t\t\t<\/span>\n\t\t\t\t\t<\/a>\n\t\t\t\t<\/div>\n\t\t\t\t\t\t\t\t<\/div>\n\t\t\t\t<\/div>\n\t\t\t\t\t<\/div>\n\t\t<\/div>\n\t\t\t\t\t<\/div>\n\t\t<\/section>\n\t\t\t\t\t<\/div>\n\t\t<\/div>\n\t\t\t\t\t<\/div>\n\t\t<\/section>\n\t\t\t\t<\/div>\n\t\t","protected":false},"excerpt":{"rendered":"<p>Anterior Siguiente<\/p>\n","protected":false},"author":1,"featured_media":0,"parent":116,"menu_order":0,"comment_status":"closed","ping_status":"closed","template":"","meta":{"_monsterinsights_skip_tracking":false,"_monsterinsights_sitenote_active":false,"_monsterinsights_sitenote_note":"","_monsterinsights_sitenote_category":0,"footnotes":""},"class_list":["post-121","page","type-page","status-publish"],"_links":{"self":[{"href":"https:\/\/asilvilallonga.org\/es\/wp-json\/wp\/v2\/pages\/121","targetHints":{"allow":["GET"]}}],"collection":[{"href":"https:\/\/asilvilallonga.org\/es\/wp-json\/wp\/v2\/pages"}],"about":[{"href":"https:\/\/asilvilallonga.org\/es\/wp-json\/wp\/v2\/types\/page"}],"author":[{"embeddable":true,"href":"https:\/\/asilvilallonga.org\/es\/wp-json\/wp\/v2\/users\/1"}],"replies":[{"embeddable":true,"href":"https:\/\/asilvilallonga.org\/es\/wp-json\/wp\/v2\/comments?post=121"}],"version-history":[{"count":25,"href":"https:\/\/asilvilallonga.org\/es\/wp-json\/wp\/v2\/pages\/121\/revisions"}],"predecessor-version":[{"id":1266,"href":"https:\/\/asilvilallonga.org\/es\/wp-json\/wp\/v2\/pages\/121\/revisions\/1266"}],"up":[{"embeddable":true,"href":"https:\/\/asilvilallonga.org\/es\/wp-json\/wp\/v2\/pages\/116"}],"wp:attachment":[{"href":"https:\/\/asilvilallonga.org\/es\/wp-json\/wp\/v2\/media?parent=121"}],"curies":[{"name":"wp","href":"https:\/\/api.w.org\/{rel}","templated":true}]}}