{"id":434,"date":"2020-11-12T13:17:18","date_gmt":"2020-11-12T13:17:18","guid":{"rendered":"https:\/\/asilvilallonga.org\/transparencia\/fins-o-finalitats-2\/"},"modified":"2020-11-12T14:04:33","modified_gmt":"2020-11-12T14:04:33","slug":"fins-o-finalitats-2","status":"publish","type":"page","link":"https:\/\/asilvilallonga.org\/ca\/transparencia\/fins-o-finalitats-2\/","title":{"rendered":"Fins o finalitats"},"content":{"rendered":"\t\t<div data-elementor-type=\"wp-page\" data-elementor-id=\"434\" class=\"elementor elementor-434 elementor-202\" data-elementor-post-type=\"page\">\n\t\t\t\t\t\t<section class=\"elementor-section elementor-top-section elementor-element elementor-element-dc357b4 elementor-section-boxed elementor-section-height-default elementor-section-height-default\" data-id=\"dc357b4\" data-element_type=\"section\">\n\t\t\t\t\t\t<div class=\"elementor-container elementor-column-gap-default\">\n\t\t\t\t\t<div class=\"elementor-column elementor-col-100 elementor-top-column elementor-element elementor-element-a5caff5\" data-id=\"a5caff5\" data-element_type=\"column\" data-settings=\"{&quot;background_background&quot;:&quot;classic&quot;}\">\n\t\t\t<div class=\"elementor-widget-wrap elementor-element-populated\">\n\t\t\t\t\t\t<div class=\"elementor-element elementor-element-97b28bd elementor-widget elementor-widget-heading\" data-id=\"97b28bd\" data-element_type=\"widget\" data-widget_type=\"heading.default\">\n\t\t\t\t<div class=\"elementor-widget-container\">\n\t\t\t\t\t<h2 class=\"elementor-heading-title elementor-size-default\">Fins o finalitats\n<\/h2>\t\t\t\t<\/div>\n\t\t\t\t<\/div>\n\t\t\t\t<div class=\"elementor-element elementor-element-718dff3 elementor-widget elementor-widget-text-editor\" data-id=\"718dff3\" data-element_type=\"widget\" data-widget_type=\"text-editor.default\">\n\t\t\t\t<div class=\"elementor-widget-container\">\n\t\t\t\t\t\t\t\t\t<p>D&#8217;acord amb els Articles 4 i 5 dels Estatuts, la Fundaci\u00f3 t\u00e9 per finalitat oferir i acollir en la modalitat de &#8220;Llar Resid\u00e8ncia&#8221; tot el que sigui necessari a la vida humana, espiritual i corporal, a persones d&#8217;ambd\u00f3s sexes de m\u00e9s de 65 anys, donant prefer\u00e8ncia, a les m\u00e9s desvalgudes, a fi de donar-los una millor qualitat de vida.<\/p>\n\t\t\t\t\t\t\t\t<\/div>\n\t\t\t\t<\/div>\n\t\t\t\t<section class=\"elementor-section elementor-inner-section elementor-element elementor-element-46fd035 elementor-section-boxed elementor-section-height-default elementor-section-height-default\" data-id=\"46fd035\" data-element_type=\"section\">\n\t\t\t\t\t\t<div class=\"elementor-container elementor-column-gap-default\">\n\t\t\t\t\t<div class=\"elementor-column elementor-col-50 elementor-inner-column elementor-element elementor-element-6cd6c18\" data-id=\"6cd6c18\" data-element_type=\"column\">\n\t\t\t<div class=\"elementor-widget-wrap elementor-element-populated\">\n\t\t\t\t\t\t<div class=\"elementor-element elementor-element-f16dafb elementor-align-left elementor-widget elementor-widget-button\" data-id=\"f16dafb\" data-element_type=\"widget\" data-widget_type=\"button.default\">\n\t\t\t\t<div class=\"elementor-widget-container\">\n\t\t\t\t\t\t\t\t\t<div class=\"elementor-button-wrapper\">\n\t\t\t\t\t<a class=\"elementor-button elementor-button-link elementor-size-sm\" href=\"https:\/\/asilvilallonga.org\/ca\/transparencia\/fins-o-finalitats\/\">\n\t\t\t\t\t\t<span class=\"elementor-button-content-wrapper\">\n\t\t\t\t\t\t\t\t\t<span class=\"elementor-button-text\">Anterior<\/span>\n\t\t\t\t\t<\/span>\n\t\t\t\t\t<\/a>\n\t\t\t\t<\/div>\n\t\t\t\t\t\t\t\t<\/div>\n\t\t\t\t<\/div>\n\t\t\t\t\t<\/div>\n\t\t<\/div>\n\t\t\t\t<div class=\"elementor-column elementor-col-50 elementor-inner-column elementor-element elementor-element-c891b4a\" data-id=\"c891b4a\" data-element_type=\"column\">\n\t\t\t<div class=\"elementor-widget-wrap elementor-element-populated\">\n\t\t\t\t\t\t<div class=\"elementor-element elementor-element-8a88696 elementor-align-right elementor-widget elementor-widget-button\" data-id=\"8a88696\" data-element_type=\"widget\" data-widget_type=\"button.default\">\n\t\t\t\t<div class=\"elementor-widget-container\">\n\t\t\t\t\t\t\t\t\t<div class=\"elementor-button-wrapper\">\n\t\t\t\t\t<a class=\"elementor-button elementor-button-link elementor-size-sm\" href=\"https:\/\/asilvilallonga.org\/ca\/transparencia\/resultats-de-les-activitats-acomplertes\/\">\n\t\t\t\t\t\t<span class=\"elementor-button-content-wrapper\">\n\t\t\t\t\t\t\t\t\t<span class=\"elementor-button-text\">Seg\u00fcent<\/span>\n\t\t\t\t\t<\/span>\n\t\t\t\t\t<\/a>\n\t\t\t\t<\/div>\n\t\t\t\t\t\t\t\t<\/div>\n\t\t\t\t<\/div>\n\t\t\t\t\t<\/div>\n\t\t<\/div>\n\t\t\t\t\t<\/div>\n\t\t<\/section>\n\t\t\t\t\t<\/div>\n\t\t<\/div>\n\t\t\t\t\t<\/div>\n\t\t<\/section>\n\t\t\t\t<\/div>\n\t\t","protected":false},"excerpt":{"rendered":"<p>Fins o finalitats D&#8217;acord amb els Articles 4 i 5 dels Estatuts, la Fundaci\u00f3 t\u00e9 per finalitat oferir i acollir en la modalitat de &#8220;Llar Resid\u00e8ncia&#8221; tot el que sigui necessari a la vida humana, espiritual i corporal, a persones d&#8217;ambd\u00f3s sexes de m\u00e9s de 65 anys, donant prefer\u00e8ncia, a les m\u00e9s desvalgudes, a fi &#8230; <a title=\"Fins o finalitats\" class=\"read-more\" href=\"https:\/\/asilvilallonga.org\/ca\/transparencia\/fins-o-finalitats-2\/\" aria-label=\"M\u00e9s informaci\u00f3 sobre Fins o finalitats\">Llegiu m\u00e9s<\/a><\/p>\n","protected":false},"author":1,"featured_media":0,"parent":391,"menu_order":0,"comment_status":"closed","ping_status":"closed","template":"","meta":{"_monsterinsights_skip_tracking":false,"_monsterinsights_sitenote_active":false,"_monsterinsights_sitenote_note":"","_monsterinsights_sitenote_category":0,"footnotes":""},"class_list":["post-434","page","type-page","status-publish"],"_links":{"self":[{"href":"https:\/\/asilvilallonga.org\/ca\/wp-json\/wp\/v2\/pages\/434","targetHints":{"allow":["GET"]}}],"collection":[{"href":"https:\/\/asilvilallonga.org\/ca\/wp-json\/wp\/v2\/pages"}],"about":[{"href":"https:\/\/asilvilallonga.org\/ca\/wp-json\/wp\/v2\/types\/page"}],"author":[{"embeddable":true,"href":"https:\/\/asilvilallonga.org\/ca\/wp-json\/wp\/v2\/users\/1"}],"replies":[{"embeddable":true,"href":"https:\/\/asilvilallonga.org\/ca\/wp-json\/wp\/v2\/comments?post=434"}],"version-history":[{"count":8,"href":"https:\/\/asilvilallonga.org\/ca\/wp-json\/wp\/v2\/pages\/434\/revisions"}],"predecessor-version":[{"id":520,"href":"https:\/\/asilvilallonga.org\/ca\/wp-json\/wp\/v2\/pages\/434\/revisions\/520"}],"up":[{"embeddable":true,"href":"https:\/\/asilvilallonga.org\/ca\/wp-json\/wp\/v2\/pages\/391"}],"wp:attachment":[{"href":"https:\/\/asilvilallonga.org\/ca\/wp-json\/wp\/v2\/media?parent=434"}],"curies":[{"name":"wp","href":"https:\/\/api.w.org\/{rel}","templated":true}]}}