{"id":406,"date":"2020-11-10T14:04:51","date_gmt":"2020-11-10T14:04:51","guid":{"rendered":"https:\/\/asilvilallonga.org\/aviso-legal\/"},"modified":"2023-05-23T12:13:37","modified_gmt":"2023-05-23T12:13:37","slug":"aviso-legal","status":"publish","type":"page","link":"https:\/\/asilvilallonga.org\/ca\/aviso-legal\/","title":{"rendered":"Av\u00eds legal"},"content":{"rendered":"\t\t<div data-elementor-type=\"wp-page\" data-elementor-id=\"406\" class=\"elementor elementor-406 elementor-285\" data-elementor-post-type=\"page\">\n\t\t\t\t\t\t<section class=\"elementor-section elementor-top-section elementor-element elementor-element-6122dff elementor-section-boxed elementor-section-height-default elementor-section-height-default\" data-id=\"6122dff\" data-element_type=\"section\">\n\t\t\t\t\t\t<div class=\"elementor-container elementor-column-gap-default\">\n\t\t\t\t\t<div class=\"elementor-column elementor-col-100 elementor-top-column elementor-element elementor-element-4f1812b\" data-id=\"4f1812b\" data-element_type=\"column\">\n\t\t\t<div class=\"elementor-widget-wrap elementor-element-populated\">\n\t\t\t\t\t\t<div class=\"elementor-element elementor-element-3e46742 elementor-widget elementor-widget-heading\" data-id=\"3e46742\" data-element_type=\"widget\" data-widget_type=\"heading.default\">\n\t\t\t\t<div class=\"elementor-widget-container\">\n\t\t\t\t\t<h2 class=\"elementor-heading-title elementor-size-default\">Av\u00eds legal\n<\/h2>\t\t\t\t<\/div>\n\t\t\t\t<\/div>\n\t\t\t\t<div class=\"elementor-element elementor-element-1c7160d elementor-widget elementor-widget-text-editor\" data-id=\"1c7160d\" data-element_type=\"widget\" data-widget_type=\"text-editor.default\">\n\t\t\t\t<div class=\"elementor-widget-container\">\n\t\t\t\t\t\t\t\t\t<p><strong>AV\u00cdS LEGAL<\/strong><\/p>\n<p><strong>Dades identificatives<\/strong><\/p>\n<ol>\n<li>1. Esteu visitant la p\u00e0gina web asilvilallonga.org titularitat d&#8217;ASIL VILALLONGA FUNDACIO PRIVADA amb domicili social a Avda.<strong>ASIL VILALLONGA FUNDACIO PRIVADA<\/strong> Vilallonga 1 &#8212; Figueres (Girona) amb CIF ES G17038217 inscrita en el Registre Mercantil de asilvilallonga.org en el tomo Folio , Hoja , en endavant EL TITULAR.<\/li>\n<\/ol>\n<p>Podeu contactar amb el TITULAR per qualsevol dels seg\u00fcents mitjans:<\/p>\n<p>Tel\u00e8fon: +34972503269<\/p>\n<p>Correu electr\u00f2nic de contacte: <span id=\"cloakf968441f7b88fe70b9913228861a5813\"><a href=\"mailto:info@asilvilallonga.org\">info@asilvilallonga.org<\/a><\/span><\/p>\n<p><strong>Allotjament web<\/strong><\/p>\n<p> ofiwebemporda.cat<br \/>Tel\u00e8fon: 972510274<\/p>\n<p>Correu electr\u00f2nic de contacte: <span id=\"cloakdc7cc7d66a31430fc29c881254bd21a7\"><a href=\"mailto:soporte@arsys.es\">suportweb@ofiwebemporda.cat<\/a><\/span><\/p>\n<p><strong>Usuaris<\/strong><\/p>\n<ol start=\"2\">\n<li>2. Aquestes condicions (d&#8217;ara endavant Av\u00eds Legal) t\u00e9 per finalitat regular l&#8217;\u00fas de la p\u00e0gina web d&#8217;EL TITULAR que posa a disposici\u00f3 del p\u00fablic.<\/li>\n<\/ol>\n<p>L&#8217;acc\u00e9s i\/o \u00fas d&#8217;aquesta p\u00e0gina web atribueix la condici\u00f3 d&#8217;USUARI, que accepta, des d&#8217;aquest acc\u00e9s i\/o \u00fas, les condicions generals d&#8217;\u00fas reflectides aqu\u00ed. Les condicions esmentades s\u00f3n aplicables independentment de les condicions generals de contractaci\u00f3 que si s&#8217;escau resultin de compliment obligat.<\/p>\n<p><strong>\u00das del portal<\/strong><\/p>\n<ol start=\"3\">\n<li>3. asilvilallonga.org proporciona l&#8217;acc\u00e9s a multitud d&#8217;informacions, serveis, programes o dades (d&#8217;ara endavant, \u201cels continguts\u201d) a Internet pertanyents a EL TITULAR o als seus llicenciants als quals l&#8217;USUARI hi pot tenir acc\u00e9s.<\/li>\n<\/ol>\n<p>L&#8217;usuari assumeix la responsabilitat de fer servir el portal. Aquesta responsabilitat s&#8217;est\u00e9n al registre necessari per accedir a determinats serveis o continguts. En aquest registre, l&#8217;USUARI ser\u00e0 responsable d&#8217;aportar informaci\u00f3 vera\u00e7 i l\u00edcita. Com a conseq\u00fc\u00e8ncia d&#8217;aquest registre, a l&#8217;USUARI se li pot proporcionar una contrasenya de la qual ser\u00e0 responsable, comprometent-se a fer-ne un \u00fas diligent i confidencial.<\/p>\n<p>L&#8217;USUARI es compromet a fer un \u00fas adequat dels continguts i serveis (p.e. serveis de xat, f\u00f2rums de discussi\u00f3 o grups de not\u00edcies) que EL TITULAR ofereix a trav\u00e9s del seu portal i amb car\u00e0cter enunciatiu per\u00f2 no limitatiu, a no fer-los servir per:<\/p>\n<ul>\n<li>Inc\u00f3rrer en activitats il\u00b7l\u00edcites, il\u00b7legals o contr\u00e0ries a la bona fe i l&#8217;ordre p\u00fablic.<\/li>\n<li>Difondre continguts o propaganda racista, xen\u00f2foba, pornogr\u00e0fic-il\u00b7legal, d&#8217;apologia del terrorisme o atemptat\u00f2ria contra els drets humans.<\/li>\n<li>Provocar danys en els sistemes f\u00edsics i l\u00f2gics de  [wpcodeself] , dels seus prove\u00efdors o de terceres persones, introduir o difondre a la xarxa virus inform\u00e0tics o qualssevol altres sistemes f\u00edsics o l\u00f2gics que siguin susceptibles de provocar els danys anteriorment es[Nombre de la empresa]mentats.<\/li>\n<li>Intentar accedir i, si escau, utilitzar els comptes de correu electr\u00f2nic daltres usuaris i modificar o manipular els seus missatges.<\/li>\n<li>Utilitzar el lloc web ni les informacions que s&#8217;hi contenen amb finalitats comercials, pol\u00edtiques, publicit\u00e0ries i per a qualsevol \u00fas comercial, sobretot en l&#8217;enviament de correus electr\u00f2nics no sol\u00b7licitats.<\/li>\n<\/ul>\n<p>EL TITULAR es reserva el dret a retirar tots aquells comentaris i aportacions que vulnerin el respecte a la dignitat de la persona, que siguin discriminatoris, xen\u00f2fobs, racistes pornogr\u00e0fics, que atemptin contra la joventut o la inf\u00e0ncia, l&#8217;ordre o la seguretat p\u00fablica o que , a parer seu, no resultaran adequats per a la seva publicaci\u00f3. En qualsevol cas, EL TITULAR no ser\u00e0 responsable de les opinions abocades pels usuaris a trav\u00e9s dels f\u00f2rums, xats o altres eines de participaci\u00f3.<\/p>\n<p><strong>Protecci\u00f3 de dades<\/strong><\/p>\n<ol start=\"4\">\n<li>4. Tot all\u00f2 relatiu a la pol\u00edtica de protecci\u00f3 de dades es troba recollit al document de pol\u00edtica de privadesa.<\/li>\n<\/ol>\n<p><strong>Continguts. Propietat intel\u00b7lectual i industrial<\/strong><\/p>\n<ol start=\"5\">\n<li>5. EL TITULAR \u00e9s propietari de tots els drets de propietat intel\u00b7lectual i industrial de la seva p\u00e0gina web, aix\u00ed com dels elements continguts a la mateixa (a t\u00edtol enunciatiu: imatges, fotografies, so, \u00e0udio, v\u00eddeo, programari o textos; marques o logotips, combinacions de colors, estructura i disseny, selecci\u00f3 de materials usats, programes dordinador necessaris per al seu funcionament, acc\u00e9s i \u00fas, etc), titularitat del TITULAR o b\u00e9 dels seus llicenciants.<\/li>\n<\/ol>\n<p>Tots els drets reservats. En virtut del que disposen els articles 8 i 32.1, par\u00e0graf segon, de la Llei de propietat intel\u00b7lectual, queden expressament prohibides la reproducci\u00f3, la distribuci\u00f3 i la comunicaci\u00f3 p\u00fablica, inclosa la seva modalitat de posada a disposici\u00f3, de la totalitat o part dels continguts d&#8217;aquesta p\u00e0gina web, amb finalitats comercials, a qualsevol suport i per qualsevol mitj\u00e0 t\u00e8cnic, sense l&#8217;autoritzaci\u00f3 del TITULAR.<\/p>\n<p><strong> <\/strong><\/p>\n<p><strong>Exclusi\u00f3 de garanties i responsabilitat<\/strong><\/p>\n<ol start=\"6\">\n<li>6. L&#8217;USUARI reconeix que la utilitzaci\u00f3 de la p\u00e0gina web i dels seus continguts i serveis es desenvolupa sota la seva responsabilitat exclusiva. En concret, a t\u00edtol merament enunciatiu, EL TITULAR no assumeix cap responsabilitat en els \u00e0mbits seg\u00fcents:<\/li>\n<li>La disponibilitat del funcionament de la p\u00e0gina web, els serveis i continguts i la qualitat o interoperabilitat.<\/li>\n<li>La finalitat per a la qual la p\u00e0gina web serveixi als objectius de l&#8217;USUARI.<\/li>\n<li>La infracci\u00f3 de la legislaci\u00f3 vigent per part de l&#8217;USUARI o tercers i, en concret, dels drets de propietat intel\u00b7lectual i industrial que siguin titularitat d&#8217;altres persones o entitats.<\/li>\n<li>L&#8217;exist\u00e8ncia de codis maliciosos o qualsevol altre element inform\u00e0tic nociu que pogu\u00e9s causar el sistema inform\u00e0tic de l&#8217;USUARI o de tercers. Correspon a l&#8217;USUARI, en tot cas, disposar d&#8217;eines adequades per a la detecci\u00f3 i la desinfecci\u00f3 d&#8217;aquests elements.<\/li>\n<li>L&#8217;acc\u00e9s fraudulent als continguts o serveis per tercers no autoritzats, o, si s&#8217;escau, la captura, l&#8217;eliminaci\u00f3, l&#8217;alteraci\u00f3, la modificaci\u00f3 o la manipulaci\u00f3 dels missatges i les comunicacions de qualsevol classe que aquests tercers pogu\u00e9s realitzar.<\/li>\n<li>L&#8217;exactitud, veracitat, actualitat i utilitat dels continguts i serveis oferts i la utilitzaci\u00f3 posterior que en faci l&#8217;USUARI. EL TITULAR emprar\u00e0 tots els esfor\u00e7os i mitjans raonables per facilitar la informaci\u00f3 actualitzada i fefaent.<\/li>\n<li>Els danys produ\u00efts a equips inform\u00e0tics durant l&#8217;acc\u00e9s a la p\u00e0gina web i els danys produ\u00efts als USUARIS quan tinguin l&#8217;origen en errors o desconnexions a les xarxes de telecomunicacions que interrompin el servei.<\/li>\n<li>Los da\u00f1os o perjuicios que se deriven de circunstancias acaecidas por caso fortuito o fuerza mayor.<\/li>\n<\/ol>\n<p>En cas que hi hagi f\u00f2rums, l&#8217;\u00fas dels mateixos o altres espais an\u00e0legs, cal tenir en compte que els missatges reflecteixin \u00fanicament l&#8217;opini\u00f3 de l&#8217;USUARI que els remet, que n&#8217;\u00e9s l&#8217;\u00fanic responsable. EL TITULAR no es fa responsable del contingut dels missatges enviats per l&#8217;USUARI.<\/p>\n<p><strong>Modificaci\u00f3 d&#8217;aquest av\u00eds legal i durada<\/strong><\/p>\n<ol start=\"7\">\n<li>7. EL TITULAR es reserva el dret d&#8217;efectuar sense previ av\u00eds les modificacions que consideri oportunes al seu portal, podent canviar, suprimir o afegir tants continguts i serveis que es prestin a trav\u00e9s d&#8217;aquesta, com la forma en qu\u00e8 aquests apareguin representats o localitzats al vostre portal.<\/li>\n<\/ol>\n<p>La vig\u00e8ncia de les condicions esmentades anir\u00e0 en funci\u00f3 de la seva exposici\u00f3 i estaran vigents fins que siguin modificades per altres degudament publicades.<\/p>\n<p><strong>Enlla\u00e7os<\/strong><\/p>\n<ol start=\"8\">\n<li>8. En cas que a asilvilallonga.org s&#8217;incloguessin enlla\u00e7os o hipervincles cap a altres llocs d&#8217;Internet, EL TITULAR no exercir\u00e0 cap tipus de control sobre aquests llocs i continguts. En cap cas EL TITULAR assumir\u00e0 cap responsabilitat pels continguts d&#8217;algun enlla\u00e7 pertanyent a un lloc web ali\u00e8, ni garantir\u00e0 la disponibilitat t\u00e8cnica, qualitat, fiabilitat, exactitud, amplitud, veracitat, validesa i constitucionalitat de qualsevol mat\u00e8ria o informaci\u00f3 continguda en cap d&#8217;aquests. hipervincles i altres llocs a Internet. Igualment, la inclusi\u00f3 d&#8217;aquestes connexions externes no implicar\u00e0 cap mena d&#8217;associaci\u00f3, fusi\u00f3 o participaci\u00f3 amb les entitats connectades.<\/li>\n<\/ol>\n<p><strong>Drets dexclusi\u00f3<\/strong><\/p>\n<ol start=\"9\">\n<li>9. EL TITULAR es reserva el dret a denegar o retirar l&#8217;acc\u00e9s a portal i\/o als serveis oferts sense necessitat d&#8217;advertiment previ, a inst\u00e0ncia pr\u00f2pia o d&#8217;un tercer, a aquells usuaris que incompleixin el contingut d&#8217;aquest av\u00eds legal.<\/li>\n<\/ol>\n<p><strong>Generalitats<\/strong><\/p>\n<ol start=\"10\">\n<li>10. EL TITULAR perseguir\u00e0 l&#8217;incompliment de les presents condicions aix\u00ed com qualsevol utilitzaci\u00f3 indeguda del portal exercint totes les accions civils i penals que li puguin correspondre en dret.<\/li>\n<\/ol>\n<p><strong>Legislaci\u00f3 aplicable i jurisdicci\u00f3<\/strong><\/p>\n<ol start=\"11\">\n<li>11. La relaci\u00f3 entre EL TITULAR i L&#8217;USUARI es regeix per la normativa espanyola vigent. Totes les disputes i reclamacions derivades daquest av\u00eds legal es resoldran pels jutjats i tribunals espanyols.<\/li>\n<\/ol>\n<p><strong>Menors d&#8217;edat<\/strong><\/p>\n<ol start=\"12\">\n<li>12. asilvilallonga.org dirigeix els seus serveis a usuaris de m\u00e9s de 18 anys. Els menors d&#8217;aquesta edat no estan autoritzats a utilitzar els nostres serveis i, per tant, no ens han d&#8217;enviar les dades personals. Informem que si es d\u00f3na aquesta circumst\u00e0ncia, A<strong>SIL VILALLONGA FUNDACIO PRIVADA<\/strong> no es fa responsable de les possibles conseq\u00fc\u00e8ncies que es puguin derivar de l&#8217;incompliment de l&#8217;av\u00eds que s&#8217;estableix en aquesta mateixa cl\u00e0usula.<\/li>\n<\/ol>\n\t\t\t\t\t\t\t\t<\/div>\n\t\t\t\t<\/div>\n\t\t\t\t\t<\/div>\n\t\t<\/div>\n\t\t\t\t\t<\/div>\n\t\t<\/section>\n\t\t\t\t<\/div>\n\t\t","protected":false},"excerpt":{"rendered":"<p>Av\u00eds legal AV\u00cdS LEGAL Dades identificatives 1. Esteu visitant la p\u00e0gina web asilvilallonga.org titularitat d&#8217;ASIL VILALLONGA FUNDACIO PRIVADA amb domicili social a Avda.ASIL VILALLONGA FUNDACIO PRIVADA Vilallonga 1 &#8212; Figueres (Girona) amb CIF ES G17038217 inscrita en el Registre Mercantil de asilvilallonga.org en el tomo Folio , Hoja , en endavant EL TITULAR. Podeu contactar &#8230; <a title=\"Av\u00eds legal\" class=\"read-more\" href=\"https:\/\/asilvilallonga.org\/ca\/aviso-legal\/\" aria-label=\"M\u00e9s informaci\u00f3 sobre Av\u00eds legal\">Llegiu m\u00e9s<\/a><\/p>\n","protected":false},"author":1,"featured_media":0,"parent":0,"menu_order":0,"comment_status":"closed","ping_status":"closed","template":"","meta":{"_monsterinsights_skip_tracking":false,"_monsterinsights_sitenote_active":false,"_monsterinsights_sitenote_note":"","_monsterinsights_sitenote_category":0,"footnotes":""},"class_list":["post-406","page","type-page","status-publish"],"_links":{"self":[{"href":"https:\/\/asilvilallonga.org\/ca\/wp-json\/wp\/v2\/pages\/406","targetHints":{"allow":["GET"]}}],"collection":[{"href":"https:\/\/asilvilallonga.org\/ca\/wp-json\/wp\/v2\/pages"}],"about":[{"href":"https:\/\/asilvilallonga.org\/ca\/wp-json\/wp\/v2\/types\/page"}],"author":[{"embeddable":true,"href":"https:\/\/asilvilallonga.org\/ca\/wp-json\/wp\/v2\/users\/1"}],"replies":[{"embeddable":true,"href":"https:\/\/asilvilallonga.org\/ca\/wp-json\/wp\/v2\/comments?post=406"}],"version-history":[{"count":7,"href":"https:\/\/asilvilallonga.org\/ca\/wp-json\/wp\/v2\/pages\/406\/revisions"}],"predecessor-version":[{"id":963,"href":"https:\/\/asilvilallonga.org\/ca\/wp-json\/wp\/v2\/pages\/406\/revisions\/963"}],"wp:attachment":[{"href":"https:\/\/asilvilallonga.org\/ca\/wp-json\/wp\/v2\/media?parent=406"}],"curies":[{"name":"wp","href":"https:\/\/api.w.org\/{rel}","templated":true}]}}