{"id":405,"date":"2020-11-10T14:26:53","date_gmt":"2020-11-10T14:26:53","guid":{"rendered":"https:\/\/asilvilallonga.org\/politica-de-privacidad\/"},"modified":"2023-06-02T06:48:14","modified_gmt":"2023-06-02T06:48:14","slug":"politica-de-privacidad","status":"publish","type":"page","link":"https:\/\/asilvilallonga.org\/ca\/politica-de-privacidad\/","title":{"rendered":"Pol\u00edtica de privacitat"},"content":{"rendered":"\t\t<div data-elementor-type=\"wp-page\" data-elementor-id=\"405\" class=\"elementor elementor-405 elementor-290\" data-elementor-post-type=\"page\">\n\t\t\t\t\t\t<section class=\"elementor-section elementor-top-section elementor-element elementor-element-8927a2a elementor-section-boxed elementor-section-height-default elementor-section-height-default\" data-id=\"8927a2a\" data-element_type=\"section\">\n\t\t\t\t\t\t<div class=\"elementor-container elementor-column-gap-default\">\n\t\t\t\t\t<div class=\"elementor-column elementor-col-100 elementor-top-column elementor-element elementor-element-5444dbb\" data-id=\"5444dbb\" data-element_type=\"column\">\n\t\t\t<div class=\"elementor-widget-wrap elementor-element-populated\">\n\t\t\t\t\t\t<div class=\"elementor-element elementor-element-a5a152f elementor-widget elementor-widget-heading\" data-id=\"a5a152f\" data-element_type=\"widget\" data-widget_type=\"heading.default\">\n\t\t\t\t<div class=\"elementor-widget-container\">\n\t\t\t\t\t<h2 class=\"elementor-heading-title elementor-size-default\">POL\u00cdTICA DE PRIVACITAT\n<\/h2>\t\t\t\t<\/div>\n\t\t\t\t<\/div>\n\t\t\t\t<div class=\"elementor-element elementor-element-458c736 elementor-widget elementor-widget-text-editor\" data-id=\"458c736\" data-element_type=\"widget\" data-widget_type=\"text-editor.default\">\n\t\t\t\t<div class=\"elementor-widget-container\">\n\t\t\t\t\t\t\t\t\t<p><strong>RESPONSABLE<br \/><\/strong>1. Identitat<br \/>Empresa: <strong>ASIL VILALLONGA FUNDACIO PRIVADA<\/strong>&#8211; CIF: ES G17038217Dir. Postal: Avda. Vilallonga 1 &#8212; Figueres (Girona) E-Mail: <a href=\"mailto:asilvilallonga.direccio@gmail.com\">asilvilallonga.direccio@gmail.com<\/a>.<\/p>\n<p>Dades de contacte del delegat en protecci\u00f3 de dades:<\/p>\n<p><strong>FINALITATS<br \/><\/strong>2. Descripci\u00f3 ampliada de la finalitat\/s del tractament:<br \/>Tractarem les vostres dades (per exemple: per a la Gesti\u00f3 administrativa, prestaci\u00f3 d&#8217;assist\u00e8ncia sanit\u00e0ria i d&#8217;acord amb les obligacions que imposin la normativa o obligacions legals)<\/p>\n<p><strong>CONSERVACI\u00d3<br \/><\/strong>3. Terminis o criteris de conservaci\u00f3 de les dades:<\/p>\n<p>Les dades personals proporcionades es conservaran mentre es mantingui la relaci\u00f3 amb l&#8217;entitat i no se sol\u00b7licite la supressi\u00f3 per l&#8217;interessat, seran conservades conforme als terminis legals establerts en mat\u00e8ria fiscal i comptable, prenent com a refer\u00e8ncia la darrera comunicaci\u00f3.<\/p>\n<p><strong>DECISIONS <br \/><\/strong>4. Decisions automatitzades, perfils i l\u00f2gica aplicada:<br \/>L&#8217;empresa NO prendr\u00e0 decisions automatitzades, perfils o l\u00f2gica aplicada a les vostres dades.<\/p>\n<p><strong>LEGITIMACI\u00d3 <br \/><\/strong>5. Legitimaci\u00f3 per execuci\u00f3 d&#8217;un contracte:<br \/>Com que el tractament \u00e9s necessari per a l&#8217;execuci\u00f3 d&#8217;un contracte mercantil, en qu\u00e8 vost\u00e8 \u00e9s part, es fa constar que el tipus de contracte de qu\u00e8 es tracta, \u00e9s el citat contracte mercantil o la relaci\u00f3 precontractual.<br \/>Com que la comunicaci\u00f3 de dades personals \u00e9s un requisit legal o contractual i un requisit necessari per subscriure el contracte esmentat, s&#8217;informa a l&#8217;interessat que est\u00e0 obligat a facilitar les dades personals, i aix\u00ed mateix que les conseq\u00fc\u00e8ncies de no fer-ho poden suposar la no prestaci\u00f3 del servei sol\u00b7licitat.<\/p>\n<p><strong>DESTINATARIS <br \/><\/strong>6. Durant el per\u00edode de durada del tractament, <strong>ASIL VILALLONGA FUNDACIO PRIVADA<\/strong>&#8211; no realitzar\u00e0 cap cessi\u00f3, excepte obligaci\u00f3 legal, ni tampoc cap transfer\u00e8ncia.<\/p>\n<p><strong>DRETS<\/strong><\/p>\n<ol start=\"7\">\n<li>7. L&#8217;interessat pot exercir els drets seg\u00fcents:<\/li>\n<\/ol>\n<ul>\n<li> Dret a sol\u00b7licitar l&#8217;acc\u00e9s a les vostres dades personals. Especialment a la seva hist\u00f2ria cl\u00ednica d&#8217;acord amb la normativa vigent.<\/li>\n<li> Dret a sol\u00b7licitar-ne la rectificaci\u00f3 o supressi\u00f3.<\/li>\n<li> Dret a sol\u00b7licitar la limitaci\u00f3 del tractament.<\/li>\n<li> Dret a oposar-se al tractament.<\/li>\n<li> Dret a la portabilitat de les dades.<\/li>\n<li> Dret a retirar el consentiment prestat.<\/li>\n<\/ul>\n<p>Qualsevol persona t\u00e9 dret a obtenir confirmaci\u00f3 sobre si a l&#8217;Entitat estem tractant dades personals que els concerneixin, o no. Les persones interessades tenen dret a accedir a les seves dades personals, aix\u00ed com a sol\u00b7licitar la rectificaci\u00f3 de les dades inexactes o, si escau, sol\u00b7licitar-ne la supressi\u00f3 quan, entre altres motius, les dades ja no siguin necess\u00e0ries per als fins que van ser recollides.<br \/>En determinades circumst\u00e0ncies, els interessats podran sol\u00b7licitar la limitaci\u00f3 del tractament de les seves dades, cas en qu\u00e8 \u00fanicament les conservarem per a l&#8217;exercici o la defensa de reclamacions. En determinades circumst\u00e0ncies i per motius relacionats amb la seva situaci\u00f3 particular, els interessats es poden oposar al tractament de les seves dades. En aquest cas, l&#8217;entitat deixar\u00e0 de tractar les dades, excepte per motius imperiosos leg\u00edtims, o l&#8217;exercici o la defensa de possibles reclamacions.<br \/>Si heu atorgat el vostre consentiment per a alguna finalitat concreta, teniu dret a retirar el consentiment atorgat en qualsevol moment, sense que aix\u00f2 afecti la licitud del tractament basat en el consentiment previ a la seva retirada.<br \/>Per aix\u00f2 podr\u00e0 emprar els formularis habilitats per l&#8217;empresa, o b\u00e9 adre\u00e7ar un escrit a <strong>ASIL VILALLONGA FUNDACIO PRIVADA<\/strong>&#8211; Avda. Vilallonga 1 &#8212; Figueres (Girona) tamb\u00e9 pot enviar un email a: <a href=\"mailto:asilvilallonga.direccio@gmail.com\">asilvilallonga.direccio@gmail.com<\/a>. <\/p>\n<p>En cas que sentiu vulnerats els vostres drets pel que fa a la protecci\u00f3 de les vostres dades personals, especialment quan no heu obtingut satisfacci\u00f3 a l&#8217;exercici dels vostres drets, podeu presentar una reclamaci\u00f3 davant de l&#8217;Autoritat de Control en mat\u00e8ria de protecci\u00f3 de dades competent a trav\u00e9s del vostre lloc web: <a href=\"http:\/\/www.agpd.es\/\">www.agpd.es<\/a>.<\/p>\n<p>En compliment del que preveu l&#8217;article 21 de la Llei 34\/2002 de serveis de la societat de la informaci\u00f3 i comer\u00e7 electr\u00f2nic, si no voleu rebre m\u00e9s informaci\u00f3 sobre els nostres serveis, podeu donar-vos de baixa a la seg\u00fcent adre\u00e7a de correu electr\u00f2nic de l&#8217;entitat, indicant a l&#8217;assumpte &#8220;No enviar correus&#8221;.<\/p>\n<p><strong>PROCEDENCIA DE LES DADES<br \/><\/strong>Les dades personals que tractem a <strong>ASIL VILALLONGA FUNDACIO PRIVADA<\/strong> procedeixen directament de vost\u00e8:<\/p>\n<p>Les categories de dades que es tracten s\u00f3n:<\/p>\n<ul>\n<li> Dades d&#8217;identificaci\u00f3<\/li>\n<li> Codis o claus d&#8217;identificaci\u00f3<\/li>\n<li> Adreces postals o electr\u00f2niques<\/li>\n<li> Informaci\u00f3 comercial<\/li>\n<li> Dades econ\u00f2miques<\/li>\n<li>Dades relatives a la salut integrades a la hist\u00f2ria cl\u00ednica del resident\/usuari.<\/li>\n<\/ul>\n\t\t\t\t\t\t\t\t<\/div>\n\t\t\t\t<\/div>\n\t\t\t\t\t<\/div>\n\t\t<\/div>\n\t\t\t\t\t<\/div>\n\t\t<\/section>\n\t\t\t\t<\/div>\n\t\t","protected":false},"excerpt":{"rendered":"<p>POL\u00cdTICA DE PRIVACITAT RESPONSABLE1. IdentitatEmpresa: ASIL VILALLONGA FUNDACIO PRIVADA&#8211; CIF: ES G17038217Dir. Postal: Avda. Vilallonga 1 &#8212; Figueres (Girona) E-Mail: asilvilallonga.direccio@gmail.com. Dades de contacte del delegat en protecci\u00f3 de dades: FINALITATS2. Descripci\u00f3 ampliada de la finalitat\/s del tractament:Tractarem les vostres dades (per exemple: per a la Gesti\u00f3 administrativa, prestaci\u00f3 d&#8217;assist\u00e8ncia sanit\u00e0ria i d&#8217;acord amb les &#8230; <a title=\"Pol\u00edtica de privacitat\" class=\"read-more\" href=\"https:\/\/asilvilallonga.org\/ca\/politica-de-privacidad\/\" aria-label=\"M\u00e9s informaci\u00f3 sobre Pol\u00edtica de privacitat\">Llegiu m\u00e9s<\/a><\/p>\n","protected":false},"author":1,"featured_media":0,"parent":0,"menu_order":0,"comment_status":"closed","ping_status":"closed","template":"","meta":{"_monsterinsights_skip_tracking":false,"_monsterinsights_sitenote_active":false,"_monsterinsights_sitenote_note":"","_monsterinsights_sitenote_category":0,"footnotes":""},"class_list":["post-405","page","type-page","status-publish"],"_links":{"self":[{"href":"https:\/\/asilvilallonga.org\/ca\/wp-json\/wp\/v2\/pages\/405","targetHints":{"allow":["GET"]}}],"collection":[{"href":"https:\/\/asilvilallonga.org\/ca\/wp-json\/wp\/v2\/pages"}],"about":[{"href":"https:\/\/asilvilallonga.org\/ca\/wp-json\/wp\/v2\/types\/page"}],"author":[{"embeddable":true,"href":"https:\/\/asilvilallonga.org\/ca\/wp-json\/wp\/v2\/users\/1"}],"replies":[{"embeddable":true,"href":"https:\/\/asilvilallonga.org\/ca\/wp-json\/wp\/v2\/comments?post=405"}],"version-history":[{"count":8,"href":"https:\/\/asilvilallonga.org\/ca\/wp-json\/wp\/v2\/pages\/405\/revisions"}],"predecessor-version":[{"id":979,"href":"https:\/\/asilvilallonga.org\/ca\/wp-json\/wp\/v2\/pages\/405\/revisions\/979"}],"wp:attachment":[{"href":"https:\/\/asilvilallonga.org\/ca\/wp-json\/wp\/v2\/media?parent=405"}],"curies":[{"name":"wp","href":"https:\/\/api.w.org\/{rel}","templated":true}]}}