{"id":391,"date":"2020-11-12T11:40:55","date_gmt":"2020-11-12T11:40:55","guid":{"rendered":"https:\/\/asilvilallonga.org\/transparencia\/"},"modified":"2021-06-25T10:41:30","modified_gmt":"2021-06-25T10:41:30","slug":"transparencia","status":"publish","type":"page","link":"https:\/\/asilvilallonga.org\/ca\/transparencia\/","title":{"rendered":"Transparencia"},"content":{"rendered":"\t\t<div data-elementor-type=\"wp-page\" data-elementor-id=\"391\" class=\"elementor elementor-391 elementor-116\" data-elementor-post-type=\"page\">\n\t\t\t\t\t\t<section class=\"elementor-section elementor-top-section elementor-element elementor-element-251fafc elementor-section-boxed elementor-section-height-default elementor-section-height-default\" data-id=\"251fafc\" data-element_type=\"section\">\n\t\t\t\t\t\t<div class=\"elementor-container elementor-column-gap-default\">\n\t\t\t\t\t<div class=\"elementor-column elementor-col-100 elementor-top-column elementor-element elementor-element-b1016df\" data-id=\"b1016df\" data-element_type=\"column\" data-settings=\"{&quot;background_background&quot;:&quot;classic&quot;}\">\n\t\t\t<div class=\"elementor-widget-wrap elementor-element-populated\">\n\t\t\t\t\t\t<div class=\"elementor-element elementor-element-416e132 elementor-widget elementor-widget-text-editor\" data-id=\"416e132\" data-element_type=\"widget\" data-widget_type=\"text-editor.default\">\n\t\t\t\t<div class=\"elementor-widget-container\">\n\t\t\t\t\t\t\t\t\t<p>PR\u00d2LEG.-<\/p>\n<p>Segons el DOGC l\u2019EDICTE de 25 de juliol de 2017 de la Llei 21\/2014 del 29 Desembre, relativa als instruments de TRANSPAR\u00c8NCIA, per les Fundacions declarades d\u2019utiilitat p\u00fablica, d\u2019acord amb el seu ARTICLE 12.<\/p>\n<p>L\u2019ASIL VILALLONGA, Fundaci\u00f3 privada, dona compliment als criteris establerts en els articles, 5.3, 6c1, 7.1 i 9.1 d\u2019aquesta Llei (Articles 7 i 9), i d\u2019acord amb la seva dimensi\u00f3, fa p\u00fablica la informaci\u00f3 seg\u00fcent:<\/p>\n\t\t\t\t\t\t\t\t<\/div>\n\t\t\t\t<\/div>\n\t\t\t\t<div class=\"elementor-element elementor-element-d50c693 elementor-grid-2 elementor-posts--thumbnail-none elementor-grid-tablet-2 elementor-grid-mobile-1 elementor-card-shadow-yes elementor-posts__hover-gradient elementor-widget elementor-widget-posts\" data-id=\"d50c693\" data-element_type=\"widget\" data-settings=\"{&quot;cards_columns&quot;:&quot;2&quot;,&quot;cards_row_gap&quot;:{&quot;unit&quot;:&quot;px&quot;,&quot;size&quot;:50,&quot;sizes&quot;:[]},&quot;cards_columns_tablet&quot;:&quot;2&quot;,&quot;cards_columns_mobile&quot;:&quot;1&quot;,&quot;cards_row_gap_tablet&quot;:{&quot;unit&quot;:&quot;px&quot;,&quot;size&quot;:&quot;&quot;,&quot;sizes&quot;:[]},&quot;cards_row_gap_mobile&quot;:{&quot;unit&quot;:&quot;px&quot;,&quot;size&quot;:&quot;&quot;,&quot;sizes&quot;:[]}}\" data-widget_type=\"posts.cards\">\n\t\t\t\t<div class=\"elementor-widget-container\">\n\t\t\t\t\t\t\t<div class=\"elementor-posts-container elementor-posts elementor-posts--skin-cards elementor-grid\" role=\"list\">\n\t\t\t\t<article class=\"elementor-post elementor-grid-item post-383 page type-page status-publish\" role=\"listitem\">\n\t\t\t<div class=\"elementor-post__card\">\n\t\t\t\t<div class=\"elementor-post__text\">\n\t\t\t\t<h3 class=\"elementor-post__title\">\n\t\t\t<a href=\"https:\/\/asilvilallonga.org\/ca\/transparencia\/estats-financers-i-memoria-economica\/\" >\n\t\t\t\tEstats financers i mem\u00f2ria econ\u00f2mica\t\t\t<\/a>\n\t\t<\/h3>\n\t\t\t\t<div class=\"elementor-post__excerpt\">\n\t\t\t\t\t<\/div>\n\t\t\n\t\t<a class=\"elementor-post__read-more\" href=\"https:\/\/asilvilallonga.org\/ca\/transparencia\/estats-financers-i-memoria-economica\/\" aria-label=\"Read more about Estats financers i mem\u00f2ria econ\u00f2mica\" tabindex=\"-1\" >\n\t\t\tLlegir M\u00e9s &gt;&gt;\t\t<\/a>\n\n\t\t\t\t<\/div>\n\t\t\t\t\t<\/div>\n\t\t<\/article>\n\t\t\t\t<article class=\"elementor-post elementor-grid-item post-373 page type-page status-publish\" role=\"listitem\">\n\t\t\t<div class=\"elementor-post__card\">\n\t\t\t\t<div class=\"elementor-post__text\">\n\t\t\t\t<h3 class=\"elementor-post__title\">\n\t\t\t<a href=\"https:\/\/asilvilallonga.org\/ca\/transparencia\/activitat\/\" >\n\t\t\t\tActivitat\t\t\t<\/a>\n\t\t<\/h3>\n\t\t\t\t<div class=\"elementor-post__excerpt\">\n\t\t\t\t\t<\/div>\n\t\t\n\t\t<a class=\"elementor-post__read-more\" href=\"https:\/\/asilvilallonga.org\/ca\/transparencia\/activitat\/\" aria-label=\"Read more about Activitat\" tabindex=\"-1\" >\n\t\t\tLlegir M\u00e9s &gt;&gt;\t\t<\/a>\n\n\t\t\t\t<\/div>\n\t\t\t\t\t<\/div>\n\t\t<\/article>\n\t\t\t\t<article class=\"elementor-post elementor-grid-item post-375 page type-page status-publish\" role=\"listitem\">\n\t\t\t<div class=\"elementor-post__card\">\n\t\t\t\t<div class=\"elementor-post__text\">\n\t\t\t\t<h3 class=\"elementor-post__title\">\n\t\t\t<a href=\"https:\/\/asilvilallonga.org\/ca\/transparencia\/composicio-dels-organs-de-govern-i-de-lequip-directiu\/\" >\n\t\t\t\tComposici\u00f3 dels \u00f2rgans de govern i de l&#8217;equip directiu\t\t\t<\/a>\n\t\t<\/h3>\n\t\t\t\t<div class=\"elementor-post__excerpt\">\n\t\t\t\t\t<\/div>\n\t\t\n\t\t<a class=\"elementor-post__read-more\" href=\"https:\/\/asilvilallonga.org\/ca\/transparencia\/composicio-dels-organs-de-govern-i-de-lequip-directiu\/\" aria-label=\"Read more about Composici\u00f3 dels \u00f2rgans de govern i de l&#8217;equip directiu\" tabindex=\"-1\" >\n\t\t\tLlegir M\u00e9s &gt;&gt;\t\t<\/a>\n\n\t\t\t\t<\/div>\n\t\t\t\t\t<\/div>\n\t\t<\/article>\n\t\t\t\t<article class=\"elementor-post elementor-grid-item post-377 page type-page status-publish\" role=\"listitem\">\n\t\t\t<div class=\"elementor-post__card\">\n\t\t\t\t<div class=\"elementor-post__text\">\n\t\t\t\t<h3 class=\"elementor-post__title\">\n\t\t\t<a href=\"https:\/\/asilvilallonga.org\/ca\/transparencia\/adreces-de-correu-postal-i-electronic\/\" >\n\t\t\t\tAdreces de correu postal i electr\u00f2nic\t\t\t<\/a>\n\t\t<\/h3>\n\t\t\t\t<div class=\"elementor-post__excerpt\">\n\t\t\t\t\t<\/div>\n\t\t\n\t\t<a class=\"elementor-post__read-more\" href=\"https:\/\/asilvilallonga.org\/ca\/transparencia\/adreces-de-correu-postal-i-electronic\/\" aria-label=\"Read more about Adreces de correu postal i electr\u00f2nic\" tabindex=\"-1\" >\n\t\t\tLlegir M\u00e9s &gt;&gt;\t\t<\/a>\n\n\t\t\t\t<\/div>\n\t\t\t\t\t<\/div>\n\t\t<\/article>\n\t\t\t\t<article class=\"elementor-post elementor-grid-item post-387 page type-page status-publish\" role=\"listitem\">\n\t\t\t<div class=\"elementor-post__card\">\n\t\t\t\t<div class=\"elementor-post__text\">\n\t\t\t\t<h3 class=\"elementor-post__title\">\n\t\t\t<a href=\"https:\/\/asilvilallonga.org\/ca\/transparencia\/estatuts\/\" >\n\t\t\t\tEstatuts\t\t\t<\/a>\n\t\t<\/h3>\n\t\t\t\t<div class=\"elementor-post__excerpt\">\n\t\t\t\t\t<\/div>\n\t\t\n\t\t<a class=\"elementor-post__read-more\" href=\"https:\/\/asilvilallonga.org\/ca\/transparencia\/estatuts\/\" aria-label=\"Read more about Estatuts\" tabindex=\"-1\" >\n\t\t\tLlegir M\u00e9s &gt;&gt;\t\t<\/a>\n\n\t\t\t\t<\/div>\n\t\t\t\t\t<\/div>\n\t\t<\/article>\n\t\t\t\t<article class=\"elementor-post elementor-grid-item post-407 page type-page status-publish\" role=\"listitem\">\n\t\t\t<div class=\"elementor-post__card\">\n\t\t\t\t<div class=\"elementor-post__text\">\n\t\t\t\t<h3 class=\"elementor-post__title\">\n\t\t\t<a href=\"https:\/\/asilvilallonga.org\/ca\/transparencia\/estructura-directiva-i-de-govern\/\" >\n\t\t\t\tEstructura directiva i de govern\t\t\t<\/a>\n\t\t<\/h3>\n\t\t\t\t<div class=\"elementor-post__excerpt\">\n\t\t\t\t\t<\/div>\n\t\t\n\t\t<a class=\"elementor-post__read-more\" href=\"https:\/\/asilvilallonga.org\/ca\/transparencia\/estructura-directiva-i-de-govern\/\" aria-label=\"Read more about Estructura directiva i de govern\" tabindex=\"-1\" >\n\t\t\tLlegir M\u00e9s &gt;&gt;\t\t<\/a>\n\n\t\t\t\t<\/div>\n\t\t\t\t\t<\/div>\n\t\t<\/article>\n\t\t\t\t<article class=\"elementor-post elementor-grid-item post-428 page type-page status-publish\" role=\"listitem\">\n\t\t\t<div class=\"elementor-post__card\">\n\t\t\t\t<div class=\"elementor-post__text\">\n\t\t\t\t<h3 class=\"elementor-post__title\">\n\t\t\t<a href=\"https:\/\/asilvilallonga.org\/ca\/transparencia\/estructura-organitzativa\/\" >\n\t\t\t\tEstructura organitzativa\t\t\t<\/a>\n\t\t<\/h3>\n\t\t\t\t<div class=\"elementor-post__excerpt\">\n\t\t\t\t\t<\/div>\n\t\t\n\t\t<a class=\"elementor-post__read-more\" href=\"https:\/\/asilvilallonga.org\/ca\/transparencia\/estructura-organitzativa\/\" aria-label=\"Read more about Estructura organitzativa\" tabindex=\"-1\" >\n\t\t\tLlegir M\u00e9s &gt;&gt;\t\t<\/a>\n\n\t\t\t\t<\/div>\n\t\t\t\t\t<\/div>\n\t\t<\/article>\n\t\t\t\t<article class=\"elementor-post elementor-grid-item post-430 page type-page status-publish\" role=\"listitem\">\n\t\t\t<div class=\"elementor-post__card\">\n\t\t\t\t<div class=\"elementor-post__text\">\n\t\t\t\t<h3 class=\"elementor-post__title\">\n\t\t\t<a href=\"https:\/\/asilvilallonga.org\/ca\/transparencia\/fins-o-finalitats\/\" >\n\t\t\t\tFins i missi\u00f3 de l\u00b4Entitat\t\t\t<\/a>\n\t\t<\/h3>\n\t\t\t\t<div class=\"elementor-post__excerpt\">\n\t\t\t\t\t<\/div>\n\t\t\n\t\t<a class=\"elementor-post__read-more\" href=\"https:\/\/asilvilallonga.org\/ca\/transparencia\/fins-o-finalitats\/\" aria-label=\"Read more about Fins i missi\u00f3 de l\u00b4Entitat\" tabindex=\"-1\" >\n\t\t\tLlegir M\u00e9s &gt;&gt;\t\t<\/a>\n\n\t\t\t\t<\/div>\n\t\t\t\t\t<\/div>\n\t\t<\/article>\n\t\t\t\t<article class=\"elementor-post elementor-grid-item post-434 page type-page status-publish\" role=\"listitem\">\n\t\t\t<div class=\"elementor-post__card\">\n\t\t\t\t<div class=\"elementor-post__text\">\n\t\t\t\t<h3 class=\"elementor-post__title\">\n\t\t\t<a href=\"https:\/\/asilvilallonga.org\/ca\/transparencia\/fins-o-finalitats-2\/\" >\n\t\t\t\tFins o finalitats\t\t\t<\/a>\n\t\t<\/h3>\n\t\t\t\t<div class=\"elementor-post__excerpt\">\n\t\t\t\t\t<\/div>\n\t\t\n\t\t<a class=\"elementor-post__read-more\" href=\"https:\/\/asilvilallonga.org\/ca\/transparencia\/fins-o-finalitats-2\/\" aria-label=\"Read more about Fins o finalitats\" tabindex=\"-1\" >\n\t\t\tLlegir M\u00e9s &gt;&gt;\t\t<\/a>\n\n\t\t\t\t<\/div>\n\t\t\t\t\t<\/div>\n\t\t<\/article>\n\t\t\t\t<article class=\"elementor-post elementor-grid-item post-443 page type-page status-publish\" role=\"listitem\">\n\t\t\t<div class=\"elementor-post__card\">\n\t\t\t\t<div class=\"elementor-post__text\">\n\t\t\t\t<h3 class=\"elementor-post__title\">\n\t\t\t<a href=\"https:\/\/asilvilallonga.org\/ca\/transparencia\/resultats-de-les-activitats-acomplertes\/\" >\n\t\t\t\tResultats de les activitats acomplertes\t\t\t<\/a>\n\t\t<\/h3>\n\t\t\t\t<div class=\"elementor-post__excerpt\">\n\t\t\t\t\t<\/div>\n\t\t\n\t\t<a class=\"elementor-post__read-more\" href=\"https:\/\/asilvilallonga.org\/ca\/transparencia\/resultats-de-les-activitats-acomplertes\/\" aria-label=\"Read more about Resultats de les activitats acomplertes\" tabindex=\"-1\" >\n\t\t\tLlegir M\u00e9s &gt;&gt;\t\t<\/a>\n\n\t\t\t\t<\/div>\n\t\t\t\t\t<\/div>\n\t\t<\/article>\n\t\t\t\t<article class=\"elementor-post elementor-grid-item post-445 page type-page status-publish\" role=\"listitem\">\n\t\t\t<div class=\"elementor-post__card\">\n\t\t\t\t<div class=\"elementor-post__text\">\n\t\t\t\t<h3 class=\"elementor-post__title\">\n\t\t\t<a href=\"https:\/\/asilvilallonga.org\/ca\/transparencia\/web\/\" >\n\t\t\t\tWeb\t\t\t<\/a>\n\t\t<\/h3>\n\t\t\t\t<div class=\"elementor-post__excerpt\">\n\t\t\t\t\t<\/div>\n\t\t\n\t\t<a class=\"elementor-post__read-more\" href=\"https:\/\/asilvilallonga.org\/ca\/transparencia\/web\/\" aria-label=\"Read more about Web\" tabindex=\"-1\" >\n\t\t\tLlegir M\u00e9s &gt;&gt;\t\t<\/a>\n\n\t\t\t\t<\/div>\n\t\t\t\t\t<\/div>\n\t\t<\/article>\n\t\t\t\t<\/div>\n\t\t\n\t\t\t\t\t\t<\/div>\n\t\t\t\t<\/div>\n\t\t\t\t\t<\/div>\n\t\t<\/div>\n\t\t\t\t\t<\/div>\n\t\t<\/section>\n\t\t\t\t<\/div>\n\t\t","protected":false},"excerpt":{"rendered":"<p>PR\u00d2LEG.- Segons el DOGC l\u2019EDICTE de 25 de juliol de 2017 de la Llei 21\/2014 del 29 Desembre, relativa als instruments de TRANSPAR\u00c8NCIA, per les Fundacions declarades d\u2019utiilitat p\u00fablica, d\u2019acord amb el seu ARTICLE 12. L\u2019ASIL VILALLONGA, Fundaci\u00f3 privada, dona compliment als criteris establerts en els articles, 5.3, 6c1, 7.1 i 9.1 d\u2019aquesta Llei (Articles &#8230; <a title=\"Web\" class=\"read-more\" href=\"https:\/\/asilvilallonga.org\/ca\/transparencia\/web\/\" aria-label=\"M\u00e9s informaci\u00f3 sobre Web\">Llegiu m\u00e9s<\/a><\/p>\n","protected":false},"author":1,"featured_media":0,"parent":0,"menu_order":0,"comment_status":"closed","ping_status":"closed","template":"","meta":{"_monsterinsights_skip_tracking":false,"_monsterinsights_sitenote_active":false,"_monsterinsights_sitenote_note":"","_monsterinsights_sitenote_category":0,"footnotes":""},"class_list":["post-391","page","type-page","status-publish"],"_links":{"self":[{"href":"https:\/\/asilvilallonga.org\/ca\/wp-json\/wp\/v2\/pages\/391","targetHints":{"allow":["GET"]}}],"collection":[{"href":"https:\/\/asilvilallonga.org\/ca\/wp-json\/wp\/v2\/pages"}],"about":[{"href":"https:\/\/asilvilallonga.org\/ca\/wp-json\/wp\/v2\/types\/page"}],"author":[{"embeddable":true,"href":"https:\/\/asilvilallonga.org\/ca\/wp-json\/wp\/v2\/users\/1"}],"replies":[{"embeddable":true,"href":"https:\/\/asilvilallonga.org\/ca\/wp-json\/wp\/v2\/comments?post=391"}],"version-history":[{"count":11,"href":"https:\/\/asilvilallonga.org\/ca\/wp-json\/wp\/v2\/pages\/391\/revisions"}],"predecessor-version":[{"id":684,"href":"https:\/\/asilvilallonga.org\/ca\/wp-json\/wp\/v2\/pages\/391\/revisions\/684"}],"wp:attachment":[{"href":"https:\/\/asilvilallonga.org\/ca\/wp-json\/wp\/v2\/media?parent=391"}],"curies":[{"name":"wp","href":"https:\/\/api.w.org\/{rel}","templated":true}]}}