{"id":361,"date":"2020-11-12T09:46:45","date_gmt":"2020-11-12T09:46:45","guid":{"rendered":"https:\/\/asilvilallonga.org\/inici\/"},"modified":"2021-06-25T10:40:39","modified_gmt":"2021-06-25T10:40:39","slug":"inici","status":"publish","type":"page","link":"https:\/\/asilvilallonga.org\/ca\/","title":{"rendered":"Inici"},"content":{"rendered":"\t\t<div data-elementor-type=\"wp-page\" data-elementor-id=\"361\" class=\"elementor elementor-361 elementor-17\" data-elementor-post-type=\"page\">\n\t\t\t\t\t\t<section class=\"elementor-section elementor-top-section elementor-element elementor-element-75fed11 elementor-section-full_width elementor-section-height-default elementor-section-height-default\" data-id=\"75fed11\" data-element_type=\"section\">\n\t\t\t\t\t\t<div class=\"elementor-container elementor-column-gap-no\">\n\t\t\t\t\t<div class=\"elementor-column elementor-col-100 elementor-top-column elementor-element elementor-element-cc103ca\" data-id=\"cc103ca\" data-element_type=\"column\">\n\t\t\t<div class=\"elementor-widget-wrap elementor-element-populated\">\n\t\t\t\t\t\t<div class=\"elementor-element elementor-element-555e2fd elementor-skin-carousel elementor-arrows-yes elementor-widget elementor-widget-media-carousel\" data-id=\"555e2fd\" data-element_type=\"widget\" data-settings=\"{&quot;slides_per_view&quot;:&quot;1&quot;,&quot;skin&quot;:&quot;carousel&quot;,&quot;effect&quot;:&quot;slide&quot;,&quot;show_arrows&quot;:&quot;yes&quot;,&quot;speed&quot;:500,&quot;autoplay&quot;:&quot;yes&quot;,&quot;autoplay_speed&quot;:5000,&quot;loop&quot;:&quot;yes&quot;,&quot;pause_on_hover&quot;:&quot;yes&quot;,&quot;pause_on_interaction&quot;:&quot;yes&quot;,&quot;space_between&quot;:{&quot;unit&quot;:&quot;px&quot;,&quot;size&quot;:10,&quot;sizes&quot;:[]},&quot;space_between_tablet&quot;:{&quot;unit&quot;:&quot;px&quot;,&quot;size&quot;:10,&quot;sizes&quot;:[]},&quot;space_between_mobile&quot;:{&quot;unit&quot;:&quot;px&quot;,&quot;size&quot;:10,&quot;sizes&quot;:[]}}\" data-widget_type=\"media-carousel.default\">\n\t\t\t\t<div class=\"elementor-widget-container\">\n\t\t\t\t\t\t\t\t\t<div class=\"elementor-swiper\">\n\t\t\t\t\t<div class=\"elementor-main-swiper swiper\" role=\"region\" aria-roledescription=\"carousel\" aria-label=\"Diapositives\">\n\t\t\t\t<div class=\"swiper-wrapper\">\n\t\t\t\t\t\t\t\t\t\t\t<div class=\"swiper-slide\" role=\"group\" aria-roledescription=\"slide\">\n\t\t\t\t\t\t\t\t\t<div class=\"elementor-carousel-image\" role=\"img\" aria-label=\"Slider_33\" style=\"background-image: url(&#039;https:\/\/asilvilallonga.org\/wp-content\/uploads\/2020\/11\/Slider_33.jpg&#039;)\">\n\n\t\t\t\n\t\t\t\t\t<\/div>\n\t\t\t\t\t\t\t\t<\/div>\n\t\t\t\t\t\t\t\t\t\t\t<div class=\"swiper-slide\" role=\"group\" aria-roledescription=\"slide\">\n\t\t\t\t\t\t\t\t\t<div class=\"elementor-carousel-image\" role=\"img\" aria-label=\"Slider_1\" style=\"background-image: url(&#039;https:\/\/asilvilallonga.org\/wp-content\/uploads\/2020\/11\/Slider_1.jpg&#039;)\">\n\n\t\t\t\n\t\t\t\t\t<\/div>\n\t\t\t\t\t\t\t\t<\/div>\n\t\t\t\t\t\t\t\t\t<\/div>\n\t\t\t\t\t\t\t\t\t\t\t\t\t\t\t<div class=\"elementor-swiper-button elementor-swiper-button-prev\" role=\"button\" tabindex=\"0\" aria-label=\"Previous\">\n\t\t\t\t\t\t\t<i aria-hidden=\"true\" class=\"eicon-chevron-left\"><\/i>\t\t\t\t\t\t<\/div>\n\t\t\t\t\t\t<div class=\"elementor-swiper-button elementor-swiper-button-next\" role=\"button\" tabindex=\"0\" aria-label=\"Next\">\n\t\t\t\t\t\t\t<i aria-hidden=\"true\" class=\"eicon-chevron-right\"><\/i>\t\t\t\t\t\t<\/div>\n\t\t\t\t\t\t\t\t\t\t\t\t\t\t\t\t\t<\/div>\n\t\t\t\t<\/div>\n\t\t\t\t\t\t\t\t<\/div>\n\t\t\t\t<\/div>\n\t\t\t\t\t<\/div>\n\t\t<\/div>\n\t\t\t\t\t<\/div>\n\t\t<\/section>\n\t\t\t\t<section class=\"elementor-section elementor-top-section elementor-element elementor-element-4a19ef5 elementor-section-boxed elementor-section-height-default elementor-section-height-default\" data-id=\"4a19ef5\" data-element_type=\"section\">\n\t\t\t\t\t\t<div class=\"elementor-container elementor-column-gap-default\">\n\t\t\t\t\t<div class=\"elementor-column elementor-col-100 elementor-top-column elementor-element elementor-element-461884e\" data-id=\"461884e\" data-element_type=\"column\" data-settings=\"{&quot;background_background&quot;:&quot;classic&quot;}\">\n\t\t\t<div class=\"elementor-widget-wrap elementor-element-populated\">\n\t\t\t\t\t\t<div class=\"elementor-element elementor-element-a138915 elementor-widget elementor-widget-heading\" data-id=\"a138915\" data-element_type=\"widget\" data-widget_type=\"heading.default\">\n\t\t\t\t<div class=\"elementor-widget-container\">\n\t\t\t\t\t<h1 class=\"elementor-heading-title elementor-size-default\">Asil Vilallonga Fundaci\u00f3 Privada<\/h1>\t\t\t\t<\/div>\n\t\t\t\t<\/div>\n\t\t\t\t<div class=\"elementor-element elementor-element-31ad87c elementor-widget elementor-widget-text-editor\" data-id=\"31ad87c\" data-element_type=\"widget\" data-widget_type=\"text-editor.default\">\n\t\t\t\t<div class=\"elementor-widget-container\">\n\t\t\t\t\t\t\t\t\t<p><strong>HIST\u00d2RIA:<\/strong><br \/>Fundaci\u00f3 creada el 19 de desembre de 1886 per l&#8217;industrial Mariano Vilallonga Gipul\u00f3, persona d&#8217;excel\u00b7lents conviccions morals, socials i cristianes, devot de la Mare de D\u00e9u dels Desemparats.<\/p>\n<p><strong>INTRODUCCI\u00d3:<\/strong><br \/>L\u2019ASIL VILALLONGA, \u00e9s una Fundaci\u00f3 Privada classificada com a llar-resid\u00e8ncia no assistida per a gent gran de m\u00e9s de 65 anys d\u2019ambd\u00f3s sexes de Figueres i\/o Comarca que, tant per la seva edat o escassos recursos econ\u00f2mics, els hi \u00e9s necessari un lloc d\u2019acolliment adient, per tal de tenir-hi una vellesa digna i tranquil\u00b7la<\/p>\n<p>\u00c9s un establiment privat la finalitat del qual \u00e9s prestar uns serveis permanents, que inclouen l&#8217;assist\u00e8ncia per a les activitats de la vida di\u00e0ria per a persones grans, amb un grau d&#8217;autonomia suficient, que lliure i volunt\u00e0riament han decidit ingressar-hi.<br \/>L&#8217;Asil Vilallonga vol que els residents es trobin com a casa seva, en un ambient familiar i adequat a les seves caracter\u00edstiques personals. L&#8217;objectiu \u00e9s oferir un nivell de viv\u00e8ncia, d&#8217;assist\u00e8ncia i d&#8217;acolliment que, en conjunt, signifiqui un acceptable nivell de qualitat de vida, afavorint el manteniment del m\u00e0xim grau d&#8217;autonomia personal i social.<\/p>\n\t\t\t\t\t\t\t\t<\/div>\n\t\t\t\t<\/div>\n\t\t\t\t<div class=\"elementor-element elementor-element-cb9f0a4 elementor-widget elementor-widget-gallery\" data-id=\"cb9f0a4\" data-element_type=\"widget\" data-settings=\"{&quot;gap&quot;:{&quot;unit&quot;:&quot;px&quot;,&quot;size&quot;:12,&quot;sizes&quot;:[]},&quot;lazyload&quot;:&quot;yes&quot;,&quot;gallery_layout&quot;:&quot;grid&quot;,&quot;columns&quot;:4,&quot;columns_tablet&quot;:2,&quot;columns_mobile&quot;:1,&quot;gap_tablet&quot;:{&quot;unit&quot;:&quot;px&quot;,&quot;size&quot;:10,&quot;sizes&quot;:[]},&quot;gap_mobile&quot;:{&quot;unit&quot;:&quot;px&quot;,&quot;size&quot;:10,&quot;sizes&quot;:[]},&quot;link_to&quot;:&quot;file&quot;,&quot;aspect_ratio&quot;:&quot;3:2&quot;,&quot;overlay_background&quot;:&quot;yes&quot;,&quot;content_hover_animation&quot;:&quot;fade-in&quot;}\" data-widget_type=\"gallery.default\">\n\t\t\t\t<div class=\"elementor-widget-container\">\n\t\t\t\t\t\t\t<div class=\"elementor-gallery__container\">\n\t\t\t\t\t\t\t<a class=\"e-gallery-item elementor-gallery-item elementor-animated-content\" href=\"https:\/\/asilvilallonga.org\/wp-content\/uploads\/2020\/11\/Slider_1-1.jpg\" data-elementor-open-lightbox=\"yes\" data-elementor-lightbox-slideshow=\"cb9f0a4\" data-elementor-lightbox-title=\"Slider_1\" data-e-action-hash=\"#elementor-action%3Aaction%3Dlightbox%26settings%3DeyJpZCI6NDcsInVybCI6Imh0dHBzOlwvXC9hc2lsdmlsYWxsb25nYS5vcmdcL3dwLWNvbnRlbnRcL3VwbG9hZHNcLzIwMjBcLzExXC9TbGlkZXJfMS0xLmpwZyIsInNsaWRlc2hvdyI6ImNiOWYwYTQifQ%3D%3D\">\n\t\t\t\t\t<div class=\"e-gallery-image elementor-gallery-item__image\" data-thumbnail=\"https:\/\/asilvilallonga.org\/wp-content\/uploads\/2020\/11\/Slider_1-1-300x225.jpg\" data-width=\"300\" data-height=\"225\" aria-label=\"\" role=\"img\" ><\/div>\n\t\t\t\t\t\t\t\t\t\t\t<div class=\"elementor-gallery-item__overlay\"><\/div>\n\t\t\t\t\t\t\t\t\t\t\t\t\t\t<\/a>\n\t\t\t\t\t\t\t<a class=\"e-gallery-item elementor-gallery-item elementor-animated-content\" href=\"https:\/\/asilvilallonga.org\/wp-content\/uploads\/2020\/11\/DSC00414_copy1.jpg\" data-elementor-open-lightbox=\"yes\" data-elementor-lightbox-slideshow=\"cb9f0a4\" data-elementor-lightbox-title=\"DSC00414_copy1\" data-e-action-hash=\"#elementor-action%3Aaction%3Dlightbox%26settings%3DeyJpZCI6NDQsInVybCI6Imh0dHBzOlwvXC9hc2lsdmlsYWxsb25nYS5vcmdcL3dwLWNvbnRlbnRcL3VwbG9hZHNcLzIwMjBcLzExXC9EU0MwMDQxNF9jb3B5MS5qcGciLCJzbGlkZXNob3ciOiJjYjlmMGE0In0%3D\">\n\t\t\t\t\t<div class=\"e-gallery-image elementor-gallery-item__image\" data-thumbnail=\"https:\/\/asilvilallonga.org\/wp-content\/uploads\/2020\/11\/DSC00414_copy1-300x126.jpg\" data-width=\"300\" data-height=\"126\" aria-label=\"\" role=\"img\" ><\/div>\n\t\t\t\t\t\t\t\t\t\t\t<div class=\"elementor-gallery-item__overlay\"><\/div>\n\t\t\t\t\t\t\t\t\t\t\t\t\t\t<\/a>\n\t\t\t\t\t\t\t<a class=\"e-gallery-item elementor-gallery-item elementor-animated-content\" href=\"https:\/\/asilvilallonga.org\/wp-content\/uploads\/2020\/11\/DSC00415_copy1.jpg\" data-elementor-open-lightbox=\"yes\" data-elementor-lightbox-slideshow=\"cb9f0a4\" data-elementor-lightbox-title=\"DSC00415_copy1\" data-e-action-hash=\"#elementor-action%3Aaction%3Dlightbox%26settings%3DeyJpZCI6NDUsInVybCI6Imh0dHBzOlwvXC9hc2lsdmlsYWxsb25nYS5vcmdcL3dwLWNvbnRlbnRcL3VwbG9hZHNcLzIwMjBcLzExXC9EU0MwMDQxNV9jb3B5MS5qcGciLCJzbGlkZXNob3ciOiJjYjlmMGE0In0%3D\">\n\t\t\t\t\t<div class=\"e-gallery-image elementor-gallery-item__image\" data-thumbnail=\"https:\/\/asilvilallonga.org\/wp-content\/uploads\/2020\/11\/DSC00415_copy1-300x164.jpg\" data-width=\"300\" data-height=\"164\" aria-label=\"\" role=\"img\" ><\/div>\n\t\t\t\t\t\t\t\t\t\t\t<div class=\"elementor-gallery-item__overlay\"><\/div>\n\t\t\t\t\t\t\t\t\t\t\t\t\t\t<\/a>\n\t\t\t\t\t\t\t<a class=\"e-gallery-item elementor-gallery-item elementor-animated-content\" href=\"https:\/\/asilvilallonga.org\/wp-content\/uploads\/2020\/11\/DSC00439.jpg\" data-elementor-open-lightbox=\"yes\" data-elementor-lightbox-slideshow=\"cb9f0a4\" data-elementor-lightbox-title=\"DSC00439\" data-e-action-hash=\"#elementor-action%3Aaction%3Dlightbox%26settings%3DeyJpZCI6NDYsInVybCI6Imh0dHBzOlwvXC9hc2lsdmlsYWxsb25nYS5vcmdcL3dwLWNvbnRlbnRcL3VwbG9hZHNcLzIwMjBcLzExXC9EU0MwMDQzOS5qcGciLCJzbGlkZXNob3ciOiJjYjlmMGE0In0%3D\">\n\t\t\t\t\t<div class=\"e-gallery-image elementor-gallery-item__image\" data-thumbnail=\"https:\/\/asilvilallonga.org\/wp-content\/uploads\/2020\/11\/DSC00439-300x225.jpg\" data-width=\"300\" data-height=\"225\" aria-label=\"\" role=\"img\" ><\/div>\n\t\t\t\t\t\t\t\t\t\t\t<div class=\"elementor-gallery-item__overlay\"><\/div>\n\t\t\t\t\t\t\t\t\t\t\t\t\t\t<\/a>\n\t\t\t\t\t<\/div>\n\t\t\t\t\t<\/div>\n\t\t\t\t<\/div>\n\t\t\t\t\t<\/div>\n\t\t<\/div>\n\t\t\t\t\t<\/div>\n\t\t<\/section>\n\t\t\t\t<\/div>\n\t\t","protected":false},"excerpt":{"rendered":"<p>Previous Next Asil Vilallonga Fundaci\u00f3 Privada HIST\u00d2RIA:Fundaci\u00f3 creada el 19 de desembre de 1886 per l&#8217;industrial Mariano Vilallonga Gipul\u00f3, persona d&#8217;excel\u00b7lents conviccions morals, socials i cristianes, devot de la Mare de D\u00e9u dels Desemparats. INTRODUCCI\u00d3:L\u2019ASIL VILALLONGA, \u00e9s una Fundaci\u00f3 Privada classificada com a llar-resid\u00e8ncia no assistida per a gent gran de m\u00e9s de 65 anys &#8230; <a title=\"Inici\" class=\"read-more\" href=\"https:\/\/asilvilallonga.org\/ca\/\" aria-label=\"M\u00e9s informaci\u00f3 sobre Inici\">Llegiu m\u00e9s<\/a><\/p>\n","protected":false},"author":1,"featured_media":0,"parent":0,"menu_order":0,"comment_status":"closed","ping_status":"closed","template":"","meta":{"_monsterinsights_skip_tracking":false,"_monsterinsights_sitenote_active":false,"_monsterinsights_sitenote_note":"","_monsterinsights_sitenote_category":0,"footnotes":""},"class_list":["post-361","page","type-page","status-publish"],"_links":{"self":[{"href":"https:\/\/asilvilallonga.org\/ca\/wp-json\/wp\/v2\/pages\/361","targetHints":{"allow":["GET"]}}],"collection":[{"href":"https:\/\/asilvilallonga.org\/ca\/wp-json\/wp\/v2\/pages"}],"about":[{"href":"https:\/\/asilvilallonga.org\/ca\/wp-json\/wp\/v2\/types\/page"}],"author":[{"embeddable":true,"href":"https:\/\/asilvilallonga.org\/ca\/wp-json\/wp\/v2\/users\/1"}],"replies":[{"embeddable":true,"href":"https:\/\/asilvilallonga.org\/ca\/wp-json\/wp\/v2\/comments?post=361"}],"version-history":[{"count":4,"href":"https:\/\/asilvilallonga.org\/ca\/wp-json\/wp\/v2\/pages\/361\/revisions"}],"predecessor-version":[{"id":677,"href":"https:\/\/asilvilallonga.org\/ca\/wp-json\/wp\/v2\/pages\/361\/revisions\/677"}],"wp:attachment":[{"href":"https:\/\/asilvilallonga.org\/ca\/wp-json\/wp\/v2\/media?parent=361"}],"curies":[{"name":"wp","href":"https:\/\/api.w.org\/{rel}","templated":true}]}}